{"id":2960,"date":"2025-07-06T18:49:43","date_gmt":"2025-07-06T17:49:43","guid":{"rendered":"https:\/\/helderplacidosantos.com\/imprint\/"},"modified":"2026-01-18T04:05:52","modified_gmt":"2026-01-18T03:05:52","slug":"imprint","status":"publish","type":"page","link":"https:\/\/helderplacidosantos.com\/pt\/imprint\/","title":{"rendered":"Impressum"},"content":{"rendered":"<!-- Legal document generated by Complianz | GDPR\/CCPA Cookie Consent https:\/\/wordpress.org\/plugins\/complianz-gdpr -->\n<div id=\"cmplz-document\" class=\"cmplz-document impressum cmplz-document-all\"><p><i>Este imprint foi atualizado pela \u00faltima vez em 23\/01\/2026.<\/i><\/p><p class=\"cmplz-subtitle\">O propriet\u00e1rio deste site \u00e9:<\/p><p>Helder Pl\u00e1cido Santos <br>Viktoriastra\u00dfe 60, 8050 Zurique<br>Su\u00ed\u00e7a<br>E-mail:&nbsp;<span class=\"cmplz-obfuscate\">&#121;o&#117;rrela&#116;io&#110;&#115;h&#105;p&#115;&#108;&#097;b@<span class=\"cmplz-fmail-domain\">e&#120;&#046;co&#109;<\/span>g&#109;&#097;i&#108;.&#099;&#111;&#109;<\/span><br>Telefone: +41 78 693 01 85<br><\/p><p class=\"cmplz-subtitle\">O(s) representante(s) legal(is) de Helder Pl\u00e1cido Santos :<\/p><p>H\u00e9lder Tiago Pl\u00e1cido\u00a0dos\u00a0Santos<\/p><h2>1. Geral<\/h2><p class=\"cmplz-subtitle\">1.1 Estamos registados em Federation of Swiss Psychologists (FSP) sob a licen\u00e7a ou n\u00famero de registo:<\/p><p>120792<\/p><p class=\"cmplz-subtitle\">1.2 O nome da nossa autoridade supervisora \u00e9:<\/p><p>Bundesamt f\u00fcr Gesundheit BAG<\/p><p class=\"cmplz-subtitle\">1.3 Exibimos servi\u00e7os ou produtos em nosso site, que exigem registo na seguinte associa\u00e7\u00e3o profissional:<\/p><p>Psychologieberufekommission\u00a0PsyKo<\/p><p class=\"cmplz-subtitle\">1.4 A profiss\u00e3o ou as atividades apresentadas neste site requerem um determinado diploma, conforme aqui declarado:<\/p><p>Psychologist, este diploma ou cargo foi concedido em Su\u00ed\u00e7a.<\/p><p class=\"cmplz-subtitle\">1.5 As seguintes regras e regulamentos profissionais aplicam-se \u00e0 nossa organiza\u00e7\u00e3o:<\/p><p>Berufsordnung &#8211; Code of Conduct<\/p><p>Pode aceder a essas regras e regulamentos aqui:<br \/>https:\/\/www.psychologie.ch\/storage\/images\/6183\/Berufsordnung-D_F_I_E_Stand-2024_08_01.pdf<\/p><p>N\u00e3o estamos dispostos ou somos obrigados a participar de procedimentos de resolu\u00e7\u00e3o de lit\u00edgios perante um conselho de arbitragem de consumidores.<\/p><h2>2. As seguintes informa\u00e7\u00f5es a s\u00e3o obrigat\u00f3rias de acordo com a lei alem\u00e3.<\/h2><\/div>\n<main id=\"main\" class=\"\">\n<div id=\"content\" class=\"content-area page-wrapper\" role=\"main\">\n<div class=\"row row-main\">\n<div class=\"large-12 col\">\n<div class=\"col-inner\">\n<p>Legal note: VAT not applicable \u2013 Swiss-based company not subject to VAT due to not reaching the annual turnover threshold (art. 10 Swiss VAT Act \u2013 MWSTG).<\/p>\n<\/div>\n<\/div>\n<\/div>\n<\/div>\n<\/main><footer id=\"footer\" class=\"footer-wrapper\">\n<section id=\"section_1718675102\" class=\"section has-block\"><\/section>\n<\/footer>","protected":false},"excerpt":{"rendered":"<p>Legal note: VAT not applicable \u2013 Swiss-based company not subject to VAT due to not reaching the annual turnover threshold (art. 10 Swiss VAT Act \u2013 MWSTG).<\/p>","protected":false},"author":1,"featured_media":0,"parent":0,"menu_order":0,"comment_status":"closed","ping_status":"closed","template":"","meta":{"footnotes":""},"class_list":["post-2960","page","type-page","status-publish","hentry"],"_links":{"self":[{"href":"https:\/\/helderplacidosantos.com\/pt\/wp-json\/wp\/v2\/pages\/2960","targetHints":{"allow":["GET"]}}],"collection":[{"href":"https:\/\/helderplacidosantos.com\/pt\/wp-json\/wp\/v2\/pages"}],"about":[{"href":"https:\/\/helderplacidosantos.com\/pt\/wp-json\/wp\/v2\/types\/page"}],"author":[{"embeddable":true,"href":"https:\/\/helderplacidosantos.com\/pt\/wp-json\/wp\/v2\/users\/1"}],"replies":[{"embeddable":true,"href":"https:\/\/helderplacidosantos.com\/pt\/wp-json\/wp\/v2\/comments?post=2960"}],"version-history":[{"count":2,"href":"https:\/\/helderplacidosantos.com\/pt\/wp-json\/wp\/v2\/pages\/2960\/revisions"}],"predecessor-version":[{"id":3907,"href":"https:\/\/helderplacidosantos.com\/pt\/wp-json\/wp\/v2\/pages\/2960\/revisions\/3907"}],"wp:attachment":[{"href":"https:\/\/helderplacidosantos.com\/pt\/wp-json\/wp\/v2\/media?parent=2960"}],"curies":[{"name":"wp","href":"https:\/\/api.w.org\/{rel}","templated":true}]}}