{"id":3228,"date":"2025-09-11T06:48:49","date_gmt":"2025-09-11T05:48:49","guid":{"rendered":"https:\/\/helderplacidosantos.com\/?page_id=3228"},"modified":"2026-01-11T23:12:34","modified_gmt":"2026-01-11T22:12:34","slug":"dinamica-de-relacionamento-no-local-de-trabalho-e-bem-estar","status":"publish","type":"page","link":"https:\/\/helderplacidosantos.com\/pt\/specialty-areas-your-lab-for-growth-and-connection\/workplace-relationship-dynamics-well-being\/","title":{"rendered":"Din\u00e2mica das rela\u00e7\u00f5es no local de trabalho e bem-estar"},"content":{"rendered":"\n\t<section class=\"section\" id=\"section_1899079101\">\n\t\t<div class=\"section-bg fill\" >\n\t\t\t\t\t\t\t\t\t\n\t\t\t\n\n\t\t<\/div>\n\n\t\t\n\n\t\t<div class=\"section-content relative\">\n\t\t\t\n<div class=\"row row-collapse align-middle\"  id=\"row-824192529\">\n\n\t<div id=\"col-343192948\" class=\"col small-12 large-12\"  >\n\t\t\t\t<div class=\"col-inner\"  >\n\t\t\t\n\t\t\t\n\t<div id=\"text-1704264092\" class=\"text\">\n\t\t\n<h1>Workplace Relationship Dynamics &#038; Well-Being<\/h1>\n\t\t\n<style>\n#text-1704264092 {\n  font-size: 2rem;\n  text-align: center;\n}\n<\/style>\n\t<\/div>\n\t\n\t\t<\/div>\n\t\t\t\t\t<\/div>\n\n\t\n<\/div>\n\t\t<\/div>\n\n\t\t\n<style>\n#section_1899079101 {\n  padding-top: 30px;\n  padding-bottom: 30px;\n  background-color: #f0efeb;\n}\n@media (min-width:550px) {\n  #section_1899079101 {\n    padding-top: 50px;\n    padding-bottom: 50px;\n  }\n}\n@media (min-width:850px) {\n  #section_1899079101 {\n    padding-top: 70px;\n    padding-bottom: 70px;\n  }\n}\n<\/style>\n\t<\/section>\n\t\n<div class=\"row\"  id=\"row-1464908730\">\n\n\t<div id=\"col-1201922628\" class=\"col medium-6 small-12 large-6\"  >\n\t\t\t\t<div class=\"col-inner\"  >\n\t\t\t\n\t\t\t\n\t<div class=\"img has-hover x md-x lg-x y md-y lg-y\" id=\"image_1753547096\">\n\t\t\t\t\t\t\t\t<div class=\"img-inner dark\" >\n\t\t\t<img loading=\"lazy\" decoding=\"async\" width=\"1080\" height=\"1350\" src=\"https:\/\/helderplacidosantos.com\/wp-content\/uploads\/2025\/11\/Workplace-Relationship-Dynamics-Well-Being.jpg\" class=\"attachment-original size-original\" alt=\"Workplace Relationship Dynamics Well-Being\" srcset=\"https:\/\/helderplacidosantos.com\/wp-content\/uploads\/2025\/11\/Workplace-Relationship-Dynamics-Well-Being.jpg 1080w, https:\/\/helderplacidosantos.com\/wp-content\/uploads\/2025\/11\/Workplace-Relationship-Dynamics-Well-Being-240x300.jpg 240w, https:\/\/helderplacidosantos.com\/wp-content\/uploads\/2025\/11\/Workplace-Relationship-Dynamics-Well-Being-819x1024.jpg 819w, https:\/\/helderplacidosantos.com\/wp-content\/uploads\/2025\/11\/Workplace-Relationship-Dynamics-Well-Being-768x960.jpg 768w, https:\/\/helderplacidosantos.com\/wp-content\/uploads\/2025\/11\/Workplace-Relationship-Dynamics-Well-Being-10x12.jpg 10w, https:\/\/helderplacidosantos.com\/wp-content\/uploads\/2025\/11\/Workplace-Relationship-Dynamics-Well-Being-600x750.jpg 600w\" sizes=\"auto, (max-width: 1080px) 100vw, 1080px\" \/>\t\t\t\t\t\t\n\t\t\t\t\t<\/div>\n\t\t\t\t\t\t\t\t\n<style>\n#image_1753547096 {\n  width: 100%;\n}\n<\/style>\n\t<\/div>\n\t\n\t\t<\/div>\n\t\t\t\t\t<\/div>\n\n\t\n\n\t<div id=\"col-634130809\" class=\"col medium-6 small-12 large-6\"  >\n\t\t\t\t<div class=\"col-inner text-left\"  >\n\t\t\t\n\t\t\t\n<p class=\"lead\">Reclaim Your Energy \u2013 Recover from Burnout &amp; Rediscover Balance in Life and Work<\/p>\n<p>Feeling drained, disconnected, or trapped in exhaustion? Whether you\u2019re navigating chronic stress, emotional fatigue, or the pressure to always perform, burnout doesn\u2019t just affect your career\u2014it impacts your relationships, well-being, and ability to enjoy life. But your energy, clarity, and resilience aren\u2019t gone\u2014they\u2019re simply waiting to be restored.<\/p>\n<p>My High-Performance Burnout Recovery Programs are designed to help you break free from exhaustion, rebuild inner strength, and create a career that supports your well-being. Through science-backed, body-based practices, we\u2019ll restore your energy, rewire stress responses, and develop sustainable strategies to help you thrive\u2014without burning out.<\/p>\n<p>Using a personalized, evidence-based approach, I integrate somatic regulation, psychological resilience, and leadership well-being strategies to create a supportive, judgment-free space for recovery. Whether you\u2019re seeking to regain motivation, restore balance, or redefine success on your own terms, I offer the tools and guidance to help you move forward with clarity, confidence, and renewed purpose.<\/p>\n\t\t<\/div>\n\t\t\t\t\t<\/div>\n\n\t\n<\/div>\n\n\t<section class=\"section\" id=\"section_2090712676\">\n\t\t<div class=\"section-bg fill\" >\n\t\t\t\t\t\t\t\t\t\n\t\t\t\n\n\t\t<\/div>\n\n\t\t\n\n\t\t<div class=\"section-content relative\">\n\t\t\t\n<span class=\"scroll-to\" data-label=\"Scroll to: #shop_program\" data-bullet=\"false\" data-link=\"#shop_program\" data-title=\"Change this\"><a name=\"shop_program\"><\/a><\/span>\n<div class=\"row row-box-shadow-1\"  id=\"row-772132590\">\n\n\t<div id=\"col-1817542106\" class=\"col small-12 large-12\"  >\n\t\t\t\t<div class=\"col-inner text-left\"  >\n\t\t\t\n\t\t\t\n\t<div id=\"text-2715733190\" class=\"text\">\n\t\t\n<h2>Schedule a Session:<\/h2>\n\t\t\n<style>\n#text-2715733190 {\n  font-size: 1.5rem;\n  text-align: center;\n}\n<\/style>\n\t<\/div>\n\t\n\t<div id=\"text-1032060310\" class=\"text\">\n\t\t\n<h3>Session Price<\/h3>\n<p class=\"product woocommerce add_to_cart_inline \" style=\"border:4px solid #ccc; padding: 12px;\"><span class=\"woocommerce-Price-amount amount\"><bdi>550,00&nbsp;<span class=\"woocommerce-Price-currencySymbol\">CHF<\/span><\/bdi><\/span><a href=\"\/pt\/wp-json\/wp\/v2\/pages\/3228?add-to-cart=3231\" aria-describedby=\"woocommerce_loop_add_to_cart_link_describedby_3231\" data-quantity=\"1\" class=\"button product_type_simple add_to_cart_button ajax_add_to_cart\" data-product_id=\"3231\" data-product_sku=\"110401\" aria-label=\"Adiciona ao carrinho: &ldquo;Workplace Relationship Dynamics &amp; Well-Being&rdquo;\" rel=\"nofollow\" data-success_message=\"&ldquo;Workplace Relationship Dynamics &amp; Well-Being&rdquo; foi adicionado ao seu carrinho\" role=\"button\">Adicionar<\/a>\t<span id=\"woocommerce_loop_add_to_cart_link_describedby_3231\" class=\"screen-reader-text\">\n\t\t\t<\/span>\n<\/p>\n\t\t\n<style>\n#text-1032060310 {\n  line-height: 0.75;\n  text-align: center;\n}\n<\/style>\n\t<\/div>\n\t\n\t<div id=\"text-1785057470\" class=\"text\">\n\t\t\n<script type=\"text\/javascript\">\n    (function (win, fn) {\n        var done = false, top = true,\n            doc = win.document,\n            root = doc.documentElement,\n            modern = doc.addEventListener,\n            add = modern ? 'addEventListener' : 'attachEvent',\n            rem = modern ? 'removeEventListener' : 'detachEvent',\n            pre = modern ? '' : 'on',\n            init = function (e) {\n                if (e.type == 'readystatechange') if (doc.readyState != 'complete') return;\n                (e.type == 'load' ? win : doc)[rem](pre + e.type, init, false);\n                if (!done) {\n                    done = true;\n                    fn.call(win, e.type || e);\n                }\n            },\n            poll = function () {\n                try {\n                    root.doScroll('left');\n                } catch (e) {\n                    setTimeout(poll, 50);\n                    return;\n                }\n                init('poll');\n            };\n        if (doc.readyState == 'complete') fn.call(win, 'lazy');\n        else {\n            if (!modern) if (root.doScroll) {\n                try {\n                    top = !win.frameElement;\n                } catch (e) {\n                }\n                if (top) poll();\n            }\n            doc[add](pre + 'DOMContentLoaded', init, false);\n            doc[add](pre + 'readystatechange', init, false);\n            win[add](pre + 'load', init, false);\n        }\n    })(window, function () {\n        window.BooklyServicesForm.showForm(\"bookly-services-form-Workplace-Relationship\", \"bookly-services-form-Workplace-Relationship-69e6e04467430\", {\"main_color\":\"#b35f4a\",\"service_card_width\":260,\"service_header_height\":120,\"staff_card_width\":260,\"hide_borders\":true,\"show_book_more\":true,\"show_qr_code\":true,\"show_calendar\":true,\"show_services_filter\":true,\"show_staff_filter\":false,\"show_staff_rating\":false,\"show_timezone\":false,\"show_receipt_on_cart\":true,\"show_receipt_on_payment\":true,\"skip_cart_step\":false,\"use_cart_local_storage\":true,\"default_service\":null,\"default_staff\":\"1\",\"service_card_show_badge\":true,\"package_card_show_badge\":true,\"gift_card_show_badge\":true,\"services_fields_order\":[\"service\",\"duration\",\"price\",\"staff\"],\"services_fields_show\":[\"service\",\"duration\"],\"packages_fields_order\":[\"package\",\"service\",\"duration\",\"price\",\"staff\"],\"packages_fields_show\":[\"package\",\"service\",\"duration\",\"price\"],\"gift_cards_fields_order\":[\"title\",\"price\"],\"gift_cards_fields_show\":[\"title\",\"price\"],\"show_first_slot_only\":false,\"show_gift_cards\":true,\"show_add_to_calendar\":false,\"show_slot_info\":false,\"sell_services\":true,\"sell_gift_cards\":false,\"full_name_required\":true,\"first_name_required\":true,\"last_name_required\":true,\"email_required\":true,\"phone_required\":true,\"address_required\":false,\"birthday_required\":false,\"verify_credentials\":false,\"show_summary_service\":true,\"show_summary_staff\":true,\"show_summary_date\":true,\"show_summary_price\":true,\"show_blocked_slots\":true,\"show_change_date\":false,\"initial_view\":\"form\",\"hidden_services\":[],\"hidden_gift_cards\":[],\"details_fields_order\":[\"text\",\"full_name\",\"first_name\",\"last_name\",\"email\",\"phone\",\"address\",\"notes\",\"birthday\",\"terms\",\"google_maps\",\"custom_fields\"],\"details_fields_width\":{\"text\":12,\"full_name\":12,\"first_name\":6,\"last_name\":6,\"email\":6,\"phone\":6,\"google_maps\":12,\"address\":12,\"notes\":12,\"birthday\":12,\"terms\":12,\"custom_fields\":[]},\"details_fields_show\":[\"text\",\"first_name\",\"last_name\",\"email\",\"phone\",\"custom_fields\"],\"cards_display_mode\":\"with_slots\",\"available_dates\":\"with_slots\",\"show_services_mode\":\"no_any\",\"address\":{\"order\":[\"country\",\"state\",\"postcode\",\"city\",\"street\",\"street_number\",\"additional_address\"],\"show\":[\"country\",\"state\",\"postcode\",\"city\",\"street\",\"street_number\",\"additional_address\"],\"labels\":{\"country\":\"Country\",\"state\":\"State\\\/Region\",\"postcode\":\"Postal Code\",\"city\":\"City\",\"street\":\"Street Address\",\"street_number\":\"Street Number\",\"additional_address\":\"Additional Address\"}},\"l10n\":{\"steps\":{\"calendar\":\"Start\",\"extras\":\"Extras\",\"slots\":\"Time\",\"cart\":\"Cart\",\"details\":\"Details\",\"payment\":\"Payment\",\"done\":\"Finish\"},\"steps_descriptions\":{\"calendar\":\"Select service\",\"extras\":\"Add extras\",\"slots\":\"Select time slot\",\"cart\":\"Check cart\",\"details\":\"Your information\",\"payment\":\"Make purchase\",\"done\":\"Done\"},\"address_label\":\"Address\",\"address_placeholders\":{\"country\":\"Country\",\"state\":\"State\\\/Region\",\"postcode\":\"Postal Code\",\"city\":\"City\",\"street\":\"Street Address\",\"street_number\":\"Street Number\",\"additional_address\":\"Additional Address\"},\"notes\":\"Notes\",\"birthday\":\"Birthday\",\"staff\":\"Staff\",\"any_staff\":\"Any\",\"service\":\"Check Availability\",\"gift_card\":\"Gift card\",\"gift_card_title\":\"Gift card\",\"date\":\"Date\",\"time\":\"Time\",\"price\":\"Price\",\"next\":\"Next\",\"back\":\"Back\",\"select_service\":\"Select service\",\"select_staff\":\"Any\",\"book_now\":\"Book now\",\"buy_now\":\"Buy now\",\"book_more\":\"Book more\",\"close\":\"Close\",\"full_name\":\"Full name\",\"full_name_error_required\":\"Required\",\"first_name\":\"First name\",\"first_name_error_required\":\"Required\",\"last_name\":\"Last name\",\"last_name_error_required\":\"Required\",\"email\":\"Email\",\"email_error_required\":\"Required\",\"phone\":\"Phone\",\"phone_error_required\":\"Required\",\"address_field_required\":\"Required\",\"birthday_error_required\":\"Required\",\"no_slots\":\"No time slots available\",\"slot_not_available\":\"Slot already booked\",\"no_results\":\"No results found\",\"nop\":\"Number of persons\",\"booking_success\":\"Thank you!\",\"booking_error\":\"Oops!\",\"booking_completed\":\"Your booking is complete.\",\"order_id\":\"Your order number\",\"gift_card_booking_completed\":\"Your gift card has been created.\",\"processing\":\"Your payment has been accepted for processing.\",\"group_skip_payment\":\"Payment has been skipped.\",\"payment_impossible\":\"No payment methods available. Please contact service provider.\",\"appointments_limit_reached\":\"You are trying to use the service too often. Please contact us to make a booking.\",\"terms_text\":\"I agree to the terms of service\",\"text_calendar\":\"Please select a service\",\"text_extras\":\"Select the Extras you'd like (Multiple Selection)\",\"text_slots\":\"Click on a time slot to proceed with booking\",\"text_details\":\"Please provide your details in the form below to proceed with the booking\",\"text_payment\":\"Please tell us how you would like to pay\",\"gift_card_label\":\"Gift card\",\"gift_card_button\":\"Apply\",\"gift_card_text\":\"Your gift card code if you have one\",\"gift_card_expired\":\"This gift card has expired\",\"gift_card_invalid\":\"This gift card cannot be used for the current order\",\"gift_card_low_balance\":\"Gift card balance is not enough\",\"gift_card_not_found\":\"Gift card not found\",\"timezone\":\"Your time zone\",\"select_city\":\"Select city\",\"add_to_calendar\":\"Add to calendar\",\"total\":\"Total\",\"sub_total\":\"Subtotal\",\"discount\":\"Discount\",\"to_pay\":\"Amount to pay\",\"verify_code\":\"Verification code\",\"verify_email\":\"Enter verification code from email\",\"verify_phone\":\"Enter verification code from SMS\",\"verify_resend\":\"Resend code\",\"verify_apply\":\"Apply\",\"verify_code_incorrect\":\"Incorrect verification code\",\"cart_item_not_available\":\"The selected time is not available anymore\",\"initial_view_button_title\":\"View\",\"package\":\"Package\",\"package_booking_completed\":\"Your package has been created.\",\"summary\":\"Summary\",\"categories\":\"Categories\",\"text_categories\":\"Please select a category\",\"text_services\":\"Please select a service\",\"more\":\"+%d more\"},\"type\":\"services-form\",\"sell_packages\":false,\"hidden_packages\":[],\"show_extras_price\":true,\"show_extras_summary\":true,\"category_card_width\":260,\"category_header_height\":120,\"category_body_height\":240,\"step_service_card_width\":260,\"step_service_card_header_height\":120,\"step_service_card_body_height\":240,\"categories_list\":[\"3\"],\"services_list\":[\"16\"],\"skip_categories_step\":true,\"skip_services_step\":true,\"categories_any\":false,\"staff_any\":false,\"events_any\":false,\"name\":\"Workplace Relationship Dynamics & Well-Being\",\"services_any\":false,\"custom_css\":\"\",\"token\":\"Workplace-Relationship\"});\n    });\n    var ajaxurl = \"https:\/\/helderplacidosantos.com\/wp-admin\/admin-ajax.php\";\n<\/script>\n<style>\n    .bookly-services-form-Workplace-Relationship-69e6e04467430 {\n        --bookly-color: #b35f4a;\n    }\n\n    :root {\n        --bookly-flags-url: url(https:\/\/helderplacidosantos.com\/wp-content\/plugins\/bookly-responsive-appointment-booking-tool\/frontend\/resources\/images\/flags.png);\n        --bookly-flags2x-url: url(https:\/\/helderplacidosantos.com\/wp-content\/plugins\/bookly-responsive-appointment-booking-tool\/frontend\/resources\/images\/flags@2x.png);\n        --rtl-phone-align: left;\n    }\n<\/style>\n<div id=\"bookly-services-form-Workplace-Relationship-69e6e04467430\" class=\"bookly-services-form-container bookly-services-form-Workplace-Relationship-69e6e04467430\"><\/div>\n\t\t\n<style>\n#text-1785057470 {\n  text-align: center;\n}\n<\/style>\n\t<\/div>\n\t\n\n<style>\n.add_to_cart_button {display:none;}\n<\/style>\n\n\t\t<\/div>\n\t\t\t\t\t<\/div>\n\n\t\n\n<style>\n#row-772132590 > .col > .col-inner {\n  padding: 20px 20px 20px 20px;\n}\n@media (min-width:550px) {\n  #row-772132590 > .col > .col-inner {\n    padding: 40px 40px 40px 40px;\n  }\n}\n<\/style>\n<\/div>\n<div class=\"row\"  id=\"row-1892390216\">\n\n\t<div id=\"col-415500367\" class=\"col medium-6 small-12 large-6\"  >\n\t\t\t\t<div class=\"col-inner\"  >\n\t\t\t\n\t\t\t\n<p><strong>How to use the booking system<br \/><\/strong>1. Choose your Preferred Day<\/p>\n\t\t<\/div>\n\t\t\t\t\t<\/div>\n\n\t\n\n\t<div id=\"col-1099918913\" class=\"col medium-6 small-12 large-6\"  >\n\t\t\t\t<div class=\"col-inner\"  >\n\t\t\t\n\t\t\t\n<p>2. Click over the service and check time availability<br \/>3. Proceed to insert your data and finish payment<\/p>\n\t\t<\/div>\n\t\t\t\t\t<\/div>\n\n\t\n<\/div>\n\t\t<\/div>\n\n\t\t\n<style>\n#section_2090712676 {\n  padding-top: 30px;\n  padding-bottom: 30px;\n}\n<\/style>\n\t<\/section>\n\t\n\n\t<section class=\"section\" id=\"section_326746589\">\n\t\t<div class=\"section-bg fill\" >\n\t\t\t\t\t\t\t\t\t\n\t\t\t\n\n\t\t<\/div>\n\n\t\t\n\n\t\t<div class=\"section-content relative\">\n\t\t\t\n<div class=\"row\"  id=\"row-991334988\">\n\n\t<div id=\"col-1218547777\" class=\"col small-12 large-12\"  >\n\t\t\t\t<div class=\"col-inner\"  >\n\t\t\t\n\t\t\t\n\t<div id=\"text-2830645314\" class=\"text\">\n\t\t\n<h4 class=\"uppercase\">Focused Programs<\/h4>\n\t\t\n<style>\n#text-2830645314 {\n  font-size: 0.9rem;\n  text-align: center;\n}\n<\/style>\n\t<\/div>\n\t\n\t<div id=\"text-2032170589\" class=\"text\">\n\t\t\n<h2 class=\"\">Pick an Intensive and Dedicated Program<\/h2>\n\t\t\n<style>\n#text-2032170589 {\n  font-size: 1.5rem;\n  text-align: center;\n}\n<\/style>\n\t<\/div>\n\t\n\t<div id=\"text-1923034324\" class=\"text\">\n\t\t\n<p>You can choose an elaborated program from the Workplace Relationship Dynamics &#038; Well-Being area, that is composed by a package of predetermined scheduled sessions during which we&#8217;ll be addressing that particular theme.<\/p>\n\t\t\n<style>\n#text-1923034324 {\n  text-align: center;\n}\n<\/style>\n\t<\/div>\n\t\n\n  \n    <div class=\"row large-columns-3 medium-columns- small-columns-1\" >\n  <div class=\"page-col col\" >\n          <div class=\"col-inner\" >\n          <a class=\"block plain\" href=\"https:\/\/helderplacidosantos.com\/pt\/specialty-areas-your-lab-for-growth-and-connection\/workplace-relationship-dynamics-well-being\/the-executive-reset-intensive-burnout-recovery-performance-restoratio\/\" title=\"The Executive Reset \u2013 Intensive Burnout Recovery &amp; Performance Restoration - 12 sessions - 1h30min\/each\" target=\"\">\n            <div class=\"page-box box has-hover\">\n                  <div class=\"box-image\" >\n                      <div class=\"box-image image-cover\" style=\"padding-top:100%;\">\n                      <img loading=\"lazy\" decoding=\"async\" width=\"240\" height=\"300\" src=\"https:\/\/helderplacidosantos.com\/wp-content\/uploads\/2025\/07\/The-Executive-Reset-240x300.jpg\" class=\"attachment-medium size-medium\" alt=\"The Executive Reset\" srcset=\"https:\/\/helderplacidosantos.com\/wp-content\/uploads\/2025\/07\/The-Executive-Reset-240x300.jpg 240w, https:\/\/helderplacidosantos.com\/wp-content\/uploads\/2025\/07\/The-Executive-Reset-819x1024.jpg 819w, https:\/\/helderplacidosantos.com\/wp-content\/uploads\/2025\/07\/The-Executive-Reset-768x960.jpg 768w, https:\/\/helderplacidosantos.com\/wp-content\/uploads\/2025\/07\/The-Executive-Reset-600x750.jpg 600w, https:\/\/helderplacidosantos.com\/wp-content\/uploads\/2025\/07\/The-Executive-Reset.jpg 1080w\" sizes=\"auto, (max-width: 240px) 100vw, 240px\" \/>                      <\/div>\n                                                              <\/div>\n                  <div class=\"box-text text-center\" >\n                        <div class=\"box-text-inner\">\n                            <p>The Executive Reset \u2013 Intensive Burnout Recovery &amp; Performance Restoration - 12 sessions - 1h30min\/each<\/p>\n                        <\/div>\n                  <\/div>\n              <\/div>\n            <\/a>\n            <\/div>\n          <\/div><div class=\"page-col col\" >\n          <div class=\"col-inner\" >\n          <a class=\"block plain\" href=\"https:\/\/helderplacidosantos.com\/pt\/specialty-areas-your-lab-for-growth-and-connection\/workplace-relationship-dynamics-well-being\/embodied-resilience-a-somatic-approach-to-burnout-recovery-stress-mastery\/\" title=\"Embodied Resilience \u2013 A Somatic Approach to Burnout Recovery &amp; Stress Mastery - 8 sessions - 1h30min\/each\" target=\"\">\n            <div class=\"page-box box has-hover\">\n                  <div class=\"box-image\" >\n                      <div class=\"box-image image-cover\" style=\"padding-top:100%;\">\n                      <img loading=\"lazy\" decoding=\"async\" width=\"240\" height=\"300\" src=\"https:\/\/helderplacidosantos.com\/wp-content\/uploads\/2025\/07\/Embodied-Resilience-240x300.jpg\" class=\"attachment-medium size-medium\" alt=\"Embodied Resilience\" srcset=\"https:\/\/helderplacidosantos.com\/wp-content\/uploads\/2025\/07\/Embodied-Resilience-240x300.jpg 240w, https:\/\/helderplacidosantos.com\/wp-content\/uploads\/2025\/07\/Embodied-Resilience-819x1024.jpg 819w, https:\/\/helderplacidosantos.com\/wp-content\/uploads\/2025\/07\/Embodied-Resilience-768x960.jpg 768w, https:\/\/helderplacidosantos.com\/wp-content\/uploads\/2025\/07\/Embodied-Resilience-10x12.jpg 10w, https:\/\/helderplacidosantos.com\/wp-content\/uploads\/2025\/07\/Embodied-Resilience-600x750.jpg 600w, https:\/\/helderplacidosantos.com\/wp-content\/uploads\/2025\/07\/Embodied-Resilience.jpg 1080w\" sizes=\"auto, (max-width: 240px) 100vw, 240px\" \/>                      <\/div>\n                                                              <\/div>\n                  <div class=\"box-text text-center\" >\n                        <div class=\"box-text-inner\">\n                            <p>Embodied Resilience \u2013 A Somatic Approach to Burnout Recovery &amp; Stress Mastery - 8 sessions - 1h30min\/each<\/p>\n                        <\/div>\n                  <\/div>\n              <\/div>\n            <\/a>\n            <\/div>\n          <\/div><div class=\"page-col col\" >\n          <div class=\"col-inner\" >\n          <a class=\"block plain\" href=\"https:\/\/helderplacidosantos.com\/pt\/specialty-areas-your-lab-for-growth-and-connection\/workplace-relationship-dynamics-well-being\/leadership-emotional-mastery-preventing-burnout-while-leading-with-strength\/\" title=\"Leadership &amp; Emotional Mastery \u2013 Preventing Burnout While Leading With Strength - 10 sessions - 1h30min\/each\" target=\"\">\n            <div class=\"page-box box has-hover\">\n                  <div class=\"box-image\" >\n                      <div class=\"box-image image-cover\" style=\"padding-top:100%;\">\n                      <img loading=\"lazy\" decoding=\"async\" width=\"240\" height=\"300\" src=\"https:\/\/helderplacidosantos.com\/wp-content\/uploads\/2025\/07\/Leadership-Emotional-Mastery-240x300.jpg\" class=\"attachment-medium size-medium\" alt=\"Leadership &amp; Emotional Mastery\" srcset=\"https:\/\/helderplacidosantos.com\/wp-content\/uploads\/2025\/07\/Leadership-Emotional-Mastery-240x300.jpg 240w, https:\/\/helderplacidosantos.com\/wp-content\/uploads\/2025\/07\/Leadership-Emotional-Mastery-819x1024.jpg 819w, https:\/\/helderplacidosantos.com\/wp-content\/uploads\/2025\/07\/Leadership-Emotional-Mastery-768x960.jpg 768w, https:\/\/helderplacidosantos.com\/wp-content\/uploads\/2025\/07\/Leadership-Emotional-Mastery-600x750.jpg 600w, https:\/\/helderplacidosantos.com\/wp-content\/uploads\/2025\/07\/Leadership-Emotional-Mastery.jpg 1080w\" sizes=\"auto, (max-width: 240px) 100vw, 240px\" \/>                      <\/div>\n                                                              <\/div>\n                  <div class=\"box-text text-center\" >\n                        <div class=\"box-text-inner\">\n                            <p>Leadership &amp; Emotional Mastery \u2013 Preventing Burnout While Leading With Strength - 10 sessions - 1h30min\/each<\/p>\n                        <\/div>\n                  <\/div>\n              <\/div>\n            <\/a>\n            <\/div>\n          <\/div><\/div>\n\t\t<\/div>\n\t\t\t\t\t<\/div>\n\n\t\n\n<style>\n#row-991334988 > .col > .col-inner {\n  padding: 40px 40px 40px 40px;\n  background-color: #f0efeb;\n}\n<\/style>\n<\/div>\n\t\t<\/div>\n\n\t\t\n<style>\n#section_326746589 {\n  padding-top: 30px;\n  padding-bottom: 30px;\n}\n<\/style>\n\t<\/section>\n\t\n<div class=\"text-center\"><div class=\"is-divider divider clearfix\" style=\"max-width:50%;height:2px;\"><\/div><\/div>\n","protected":false},"excerpt":{"rendered":"","protected":false},"author":1,"featured_media":3417,"parent":3264,"menu_order":0,"comment_status":"closed","ping_status":"closed","template":"page-blank.php","meta":{"footnotes":""},"class_list":["post-3228","page","type-page","status-publish","has-post-thumbnail","hentry"],"_links":{"self":[{"href":"https:\/\/helderplacidosantos.com\/pt\/wp-json\/wp\/v2\/pages\/3228","targetHints":{"allow":["GET"]}}],"collection":[{"href":"https:\/\/helderplacidosantos.com\/pt\/wp-json\/wp\/v2\/pages"}],"about":[{"href":"https:\/\/helderplacidosantos.com\/pt\/wp-json\/wp\/v2\/types\/page"}],"author":[{"embeddable":true,"href":"https:\/\/helderplacidosantos.com\/pt\/wp-json\/wp\/v2\/users\/1"}],"replies":[{"embeddable":true,"href":"https:\/\/helderplacidosantos.com\/pt\/wp-json\/wp\/v2\/comments?post=3228"}],"version-history":[{"count":5,"href":"https:\/\/helderplacidosantos.com\/pt\/wp-json\/wp\/v2\/pages\/3228\/revisions"}],"predecessor-version":[{"id":3750,"href":"https:\/\/helderplacidosantos.com\/pt\/wp-json\/wp\/v2\/pages\/3228\/revisions\/3750"}],"up":[{"embeddable":true,"href":"https:\/\/helderplacidosantos.com\/pt\/wp-json\/wp\/v2\/pages\/3264"}],"wp:featuredmedia":[{"embeddable":true,"href":"https:\/\/helderplacidosantos.com\/pt\/wp-json\/wp\/v2\/media\/3417"}],"wp:attachment":[{"href":"https:\/\/helderplacidosantos.com\/pt\/wp-json\/wp\/v2\/media?parent=3228"}],"curies":[{"name":"wp","href":"https:\/\/api.w.org\/{rel}","templated":true}]}}