{"id":3460,"date":"2025-11-12T18:03:04","date_gmt":"2025-11-12T18:03:04","guid":{"rendered":"https:\/\/helderplacidosantos.com\/?page_id=3460"},"modified":"2026-01-23T18:20:25","modified_gmt":"2026-01-23T17:20:25","slug":"sobre-mim","status":"publish","type":"page","link":"https:\/\/helderplacidosantos.com\/pt\/about-me\/","title":{"rendered":"About Me &#8211; Helder Placido Santos"},"content":{"rendered":"<section class=\"section\" id=\"section_1536196936\">\n\t\t<div class=\"section-bg fill\" >\n\t\t\t\t\t\t\t\t\t\n\t\t\t\n\n\t\t<\/div>\n\n\t\t\n\n\t\t<div class=\"section-content relative\">\n\t\t\t\n<div class=\"row row-collapse align-middle\"  id=\"row-384067531\">\n\n\t<div id=\"col-417487826\" class=\"col small-12 large-12\"  >\n\t\t\t\t<div class=\"col-inner\"  >\n\t\t\t\n\t\t\t\n\t<div id=\"text-4237932559\" class=\"text\">\n\t\t\n<h1>Sobre mim<\/h1>\n\t\t\n<style>\n#text-4237932559 {\n  font-size: 2rem;\n  text-align: center;\n}\n<\/style>\n\t<\/div>\n\t\n\t\t<\/div>\n\t\t\t\t\t<\/div>\n\n\t\n<\/div>\n\t\t<\/div>\n\n\t\t\n<style>\n#section_1536196936 {\n  padding-top: 30px;\n  padding-bottom: 30px;\n  background-color: #f0efeb;\n}\n@media (min-width:550px) {\n  #section_1536196936 {\n    padding-top: 50px;\n    padding-bottom: 50px;\n  }\n}\n@media (min-width:850px) {\n  #section_1536196936 {\n    padding-top: 70px;\n    padding-bottom: 70px;\n  }\n}\n<\/style>\n\t<\/section>\n\t\n<div class=\"row\"  id=\"row-1523553913\">\n\n\t<div id=\"col-1696378913\" class=\"col medium-6 small-12 large-6\"  >\n\t\t\t\t<div class=\"col-inner\"  >\n\t\t\t\n\t\t\t\n\t<div class=\"img has-hover x md-x lg-x y md-y lg-y\" id=\"image_128778115\">\n\t\t\t\t\t\t\t\t<div class=\"img-inner dark\" >\n\t\t\t<img loading=\"lazy\" decoding=\"async\" width=\"768\" height=\"768\" src=\"https:\/\/helderplacidosantos.com\/wp-content\/uploads\/2013\/12\/Helder-Placido-Santos-1-e1747079290391.jpg\" class=\"attachment-original size-original\" alt=\"\" srcset=\"https:\/\/helderplacidosantos.com\/wp-content\/uploads\/2013\/12\/Helder-Placido-Santos-1-e1747079290391.jpg 768w, https:\/\/helderplacidosantos.com\/wp-content\/uploads\/2013\/12\/Helder-Placido-Santos-1-e1747079290391-300x300.jpg 300w, https:\/\/helderplacidosantos.com\/wp-content\/uploads\/2013\/12\/Helder-Placido-Santos-1-e1747079290391-100x100.jpg 100w, https:\/\/helderplacidosantos.com\/wp-content\/uploads\/2013\/12\/Helder-Placido-Santos-1-e1747079290391-600x600.jpg 600w, https:\/\/helderplacidosantos.com\/wp-content\/uploads\/2013\/12\/Helder-Placido-Santos-1-e1747079290391-150x150.jpg 150w\" sizes=\"auto, (max-width: 768px) 100vw, 768px\" \/>\t\t\t\t\t\t\n\t\t\t\t\t<\/div>\n\t\t\t\t\t\t\t\t\n<style>\n#image_128778115 {\n  width: 100%;\n}\n<\/style>\n\t<\/div>\n\t\n\t\t<\/div>\n\t\t\t\t\t<\/div>\n\n\t\n\n\t<div id=\"col-232796907\" class=\"col medium-6 small-12 large-6\"  >\n\t\t\t\t<div class=\"col-inner text-left\"  >\n\t\t\t\n\t\t\t\n\t<div id=\"text-1706483315\" class=\"text\">\n\t\t\n<p class=\"lead\">Ajudo as pessoas a prosperarem nos seus relacionamentos, no trabalho e na vida.<\/p>\n<p>A qualidade dos nossos relacionamentos define a qualidade das nossas vidas, no amor, no trabalho e dentro de n\u00f3s mesmos.<\/p>\n<p>No cerne do meu trabalho est\u00e1 a curiosidade sobre a conex\u00e3o; como nos relacionamos, o que nos mant\u00e9m pr\u00f3ximos e como podemos crescer uns atrav\u00e9s dos outros.<\/p>\n<p>Essa curiosidade guiou a minha trajet\u00f3ria, desde o estudo da psicologia e da din\u00e2mica das pessoas nas organiza\u00e7\u00f5es, at\u00e9 a lideran\u00e7a de equipes em ambientes complexos e, por fim, o trabalho direto com indiv\u00edduos e casais atrav\u00e9s do corpo e das emo\u00e7\u00f5es.<\/p>\n\t\t\n<style>\n#text-1706483315 {\n  text-align: center;\n}\n<\/style>\n\t<\/div>\n\t\n\t\t<\/div>\n\t\t\t\t\t<\/div>\n\n\t\n<\/div>\n\n\t<section class=\"section\" id=\"section_1305568533\">\n\t\t<div class=\"section-bg fill\" >\n\t\t\t\t\t\t\t\t\t\n\t\t\t\n\n\t\t<\/div>\n\n\t\t\n\n\t\t<div class=\"section-content relative\">\n\t\t\t\n<div class=\"row\"  id=\"row-671267896\">\n\n\t<div id=\"col-794013011\" class=\"col small-12 large-12\"  >\n\t\t\t\t<div class=\"col-inner text-left\" style=\"background-color:#f0efeb;\" >\n\t\t\t\n\t\t\t\n\n\t\t<div class=\"tabbed-content\">\n\t\t\t\n\t\t\t<ul class=\"nav nav-divided nav-vertical nav-uppercase nav-size-normal nav-left\" role=\"tablist\"><li id=\"tab-my-journey\" class=\"tab active has-icon\" role=\"presentation\"><a href=\"#tab_my-journey\" role=\"tab\" aria-selected=\"true\" aria-controls=\"tab_my-journey\"><span>Minha jornada<\/span><\/a><\/li>\n<li id=\"tab-my-approach\" class=\"tab has-icon\" role=\"presentation\"><a href=\"#tab_my-approach\" tabindex=\"-1\" role=\"tab\" aria-selected=\"false\" aria-controls=\"tab_my-approach\"><span>Minha abordagem<\/span><\/a><\/li>\n<li id=\"tab-foundations-&-ongoing-learning\" class=\"tab has-icon\" role=\"presentation\"><a href=\"#tab_foundations-&-ongoing-learning\" tabindex=\"-1\" role=\"tab\" aria-selected=\"false\" aria-controls=\"tab_foundations-&-ongoing-learning\"><span>Fundamentos e Aprendizagem Cont\u00ednua<\/span><\/a><\/li>\n<li id=\"tab-professional-experience\" class=\"tab has-icon\" role=\"presentation\"><a href=\"#tab_professional-experience\" tabindex=\"-1\" role=\"tab\" aria-selected=\"false\" aria-controls=\"tab_professional-experience\"><span>Experi\u00eancia profissional<\/span><\/a><\/li>\n<li id=\"tab-values-and-perspective\" class=\"tab has-icon\" role=\"presentation\"><a href=\"#tab_values-and-perspective\" tabindex=\"-1\" role=\"tab\" aria-selected=\"false\" aria-controls=\"tab_values-and-perspective\"><span>Valores e Perspectiva<\/span><\/a><\/li>\n<li id=\"tab-ethical-practice-and-community-boundaries\" class=\"tab has-icon\" role=\"presentation\"><a href=\"#tab_ethical-practice-and-community-boundaries\" tabindex=\"-1\" role=\"tab\" aria-selected=\"false\" aria-controls=\"tab_ethical-practice-and-community-boundaries\"><span>Pr\u00e1tica \u00c9tica e Limites Comunit\u00e1rios<\/span><\/a><\/li><\/ul><div class=\"tab-panels\"><div id=\"tab_my-journey\" class=\"panel active entry-content\" role=\"tabpanel\" aria-labelledby=\"tab-my-journey\">\n<div class=\"row\"  id=\"row-937145418\">\n\n\t<div id=\"col-388109172\" class=\"col small-12 large-12\"  >\n\t\t\t\t<div class=\"col-inner\" style=\"background-color:#f0efeb;\" >\n\t\t\t\n\t\t\t\n\t<div id=\"text-4139383196\" class=\"text\">\n\t\t\n<h2 class=\"\">Minha jornada<\/h2>\n\t\t\n<style>\n#text-4139383196 {\n  font-size: 1.5rem;\n  text-align: center;\n}\n<\/style>\n\t<\/div>\n\t\n\t<div id=\"text-2855659496\" class=\"text\">\n\t\t\n<p>Minha trajet\u00f3ria profissional come\u00e7ou em Recursos Humanos e Desenvolvimento Organizacional, onde aprendi como a motiva\u00e7\u00e3o, a comunica\u00e7\u00e3o e o senso de pertencimento moldam tanto a conex\u00e3o quanto o desempenho. Desde cedo, fiquei fascinada pelo que ajuda as pessoas a se sentirem valorizadas, compreendidas e inspiradas dentro dos sistemas. Comecei a perceber como os relacionamentos impulsionam n\u00e3o apenas os resultados, mas tamb\u00e9m o bem-estar.<\/p>\n<p>Ao longo dos anos, assumi fun\u00e7\u00f5es em RH, Vendas, Marketing e Compras, cada uma delas aprofundando minha compreens\u00e3o da din\u00e2mica humana em diferentes contextos, desde a colabora\u00e7\u00e3o e a constru\u00e7\u00e3o de confian\u00e7a at\u00e9 a negocia\u00e7\u00e3o e a tomada de decis\u00f5es sob press\u00e3o.<\/p>\n<p>Trabalhar em diversos ambientes internacionais me ensinou que por tr\u00e1s de toda estrat\u00e9gia ou parceria bem-sucedida existe uma teia de relacionamentos entre colegas, l\u00edderes, clientes e n\u00f3s mesmos. Ao longo desses quinze anos, comecei a perceber os mesmos padr\u00f5es se repetindo de diferentes formas \u2014 em salas de reuni\u00f5es, fam\u00edlias e relacionamentos \u00edntimos. Os desafios que as pessoas enfrentavam raramente eram apenas pr\u00e1ticos ou estrat\u00e9gicos; eram relacionais: como ouvimos, como falamos, como lidamos com a tens\u00e3o, o desejo e a vulnerabilidade.<\/p>\n<p>Essa constata\u00e7\u00e3o me guiou para a pr\u00f3xima fase do meu trabalho, desenvolvendo uma pr\u00e1tica terap\u00eautica e som\u00e1tica que ajuda indiv\u00edduos e casais a se reconectarem com suas emo\u00e7\u00f5es, seus corpos e sua capacidade de se relacionarem de forma aut\u00eantica. Por meio de abordagens baseadas em evid\u00eancias, sens\u00edveis ao trauma e centradas no corpo, comecei a apoiar pessoas na explora\u00e7\u00e3o da intimidade, da comunica\u00e7\u00e3o e da autoconsci\u00eancia. Esse trabalho acabou se tornando a base do Your Relationships Lab, um espa\u00e7o para experimenta\u00e7\u00e3o, descoberta e mudan\u00e7a significativa.<\/p>\n\t\t\n<style>\n#text-2855659496 {\n  text-align: left;\n}\n<\/style>\n\t<\/div>\n\t\n\t\t<\/div>\n\t\t\t\t\n<style>\n#col-388109172 > .col-inner {\n  padding: 5px 5px 5px 5px;\n}\n@media (min-width:550px) {\n  #col-388109172 > .col-inner {\n    padding: 20px 20px 20px 20px;\n  }\n}\n<\/style>\n\t<\/div>\n\n\t\n<\/div>\n<\/div>\n<div id=\"tab_my-approach\" class=\"panel entry-content\" role=\"tabpanel\" aria-labelledby=\"tab-my-approach\">\n<div class=\"row\"  id=\"row-253068261\">\n\n\t<div id=\"col-324614617\" class=\"col small-12 large-12\"  >\n\t\t\t\t<div class=\"col-inner\" style=\"background-color:#f0efeb;\" >\n\t\t\t\n\t\t\t\n\t<div id=\"text-924795844\" class=\"text\">\n\t\t\n<h2 class=\"\">Minha abordagem<\/h2>\n\t\t\n<style>\n#text-924795844 {\n  font-size: 1.5rem;\n  text-align: center;\n}\n<\/style>\n\t<\/div>\n\t\n\t<div id=\"text-415101303\" class=\"text\">\n\t\t\n<p>Combino conhecimento psicol\u00f3gico, consci\u00eancia som\u00e1tica e experi\u00eancia em diversidade de relacionamentos para ajudar as pessoas a reconstruir a confian\u00e7a, aprofundar a intimidade e lidar com a complexidade com maior clareza.<\/p>\n<p>Minha abordagem \u00e9 afirmativa, interseccional e sens\u00edvel ao trauma, o que significa que honra todo o espectro de identidades e experi\u00eancias, reconhece como a cultura, o g\u00eanero e a hist\u00f3ria moldam nossas narrativas e coloca a seguran\u00e7a emocional e f\u00edsica no centro do nosso trabalho conjunto.<\/p>\n<p>Vejo a terapia e o coaching como processos experienciais e colaborativos.<\/p>\n<p>Em vez de conversas abstratas, nossas sess\u00f5es s\u00e3o explora\u00e7\u00f5es vivenciais que conectam corpo, emo\u00e7\u00e3o e cogni\u00e7\u00e3o, para que a consci\u00eancia se transforme em mudan\u00e7a concreta. Seja para lidar com desafios relacionais, esgotamento ou o desejo de se reconectar com o prazer e a autenticidade, nosso trabalho come\u00e7a onde voc\u00ea est\u00e1, com curiosidade, respeito e cuidado.<\/p>\n\t\t\n<style>\n#text-415101303 {\n  text-align: left;\n}\n<\/style>\n\t<\/div>\n\t\n\t\t<\/div>\n\t\t\t\t\n<style>\n#col-324614617 > .col-inner {\n  padding: 5px 5px 5px 5px;\n}\n@media (min-width:550px) {\n  #col-324614617 > .col-inner {\n    padding: 20px 20px 20px 20px;\n  }\n}\n<\/style>\n\t<\/div>\n\n\t\n<\/div>\n<\/div>\n<div id=\"tab_foundations-&-ongoing-learning\" class=\"panel entry-content\" role=\"tabpanel\" aria-labelledby=\"tab-foundations-&-ongoing-learning\">\n<div class=\"row\"  id=\"row-1263518487\">\n\n\t<div id=\"col-1674935262\" class=\"col small-12 large-12\"  >\n\t\t\t\t<div class=\"col-inner\" style=\"background-color:#f0efeb;\" >\n\t\t\t\n\t\t\t\n\t<div id=\"text-888786668\" class=\"text\">\n\t\t\n<h2 class=\"\">Fundamentos e Aprendizagem Cont\u00ednua<\/h2>\n\t\t\n<style>\n#text-888786668 {\n  font-size: 1.5rem;\n  text-align: center;\n}\n<\/style>\n\t<\/div>\n\t\n\t<div id=\"text-271677091\" class=\"text\">\n\t\t\n<p>Com um mestrado em Psicologia como base, sempre me interessei em compreender como as pessoas se conectam no ambiente de trabalho, nos relacionamentos e consigo mesmas. Meus estudos em Psicologia do Trabalho e das Organiza\u00e7\u00f5es exploraram a \u00e9tica, a comunica\u00e7\u00e3o e a din\u00e2mica que molda o senso de pertencimento e a motiva\u00e7\u00e3o, lan\u00e7ando as bases para a abordagem integrativa que utilizo atualmente.<\/p>\n<p>Ao longo do tempo, complementei essa base acad\u00eamica com educa\u00e7\u00e3o continuada que integra conhecimento psicol\u00f3gico, pr\u00e1tica som\u00e1tica e diversidade relacional. Atualmente, estou concluindo um treinamento avan\u00e7ado em Terapia de Casal e Sexualidade e Sexologia Cl\u00ednica, ampliando minha capacidade de trabalhar com intimidade, desejo e complexidade relacional a partir de perspectivas baseadas em evid\u00eancias e tamb\u00e9m de uma abordagem corporal.<\/p>\n<p>Minha forma\u00e7\u00e3o profissional inclui m\u00e9todos como a Terapia Focada nas Emo\u00e7\u00f5es para Casais (EFT-C), Sexologia Som\u00e1tica e Terapia de Diversidade de G\u00eanero, Sexualidade e Relacionamentos (GSRD), com foco particular em N\u00e3o Monogamia Consensual (NMC), comunica\u00e7\u00e3o emocional e o cultivo do bem-estar er\u00f3tico. Tamb\u00e9m utilizo estudos complementares em lideran\u00e7a estrat\u00e9gica, integrando minha experi\u00eancia corporativa anterior a uma compreens\u00e3o hol\u00edstica de como as pessoas crescem, se conectam e colaboram.<\/p>\n<p>Essas estruturas me permitem combinar fundamentos cient\u00edficos com sabedoria incorporada, oferecendo uma pr\u00e1tica inclusiva, sens\u00edvel ao trauma e atenta \u00e0s realidades dos relacionamentos modernos e da vida profissional.<\/p>\n\t\t\n<style>\n#text-271677091 {\n  text-align: left;\n}\n<\/style>\n\t<\/div>\n\t\n\t\t<\/div>\n\t\t\t\t\n<style>\n#col-1674935262 > .col-inner {\n  padding: 5px 5px 5px 5px;\n}\n@media (min-width:550px) {\n  #col-1674935262 > .col-inner {\n    padding: 20px 20px 20px 20px;\n  }\n}\n<\/style>\n\t<\/div>\n\n\t\n<\/div>\n<\/div>\n<div id=\"tab_professional-experience\" class=\"panel entry-content\" role=\"tabpanel\" aria-labelledby=\"tab-professional-experience\">\n<div class=\"row\"  id=\"row-1858856336\">\n\n\t<div id=\"col-1951766603\" class=\"col small-12 large-12\"  >\n\t\t\t\t<div class=\"col-inner\" style=\"background-color:#f0efeb;\" >\n\t\t\t\n\t\t\t\n\t<div id=\"text-3176875952\" class=\"text\">\n\t\t\n<h2 class=\"\">Experi\u00eancia profissional<\/h2>\n\t\t\n<style>\n#text-3176875952 {\n  font-size: 1.5rem;\n  text-align: center;\n}\n<\/style>\n\t<\/div>\n\t\n\t<div id=\"text-1087217289\" class=\"text\">\n\t\t\n<p>Ao longo de mais de quinze anos em RH, Vendas, Marketing e Compras, trabalhei em diversos ambientes internacionais onde a colabora\u00e7\u00e3o, a confian\u00e7a e a comunica\u00e7\u00e3o clara determinam tanto os resultados quanto o bem-estar. Essas experi\u00eancias me ensinaram que lideran\u00e7a n\u00e3o se resume a desempenho; trata-se de relacionamentos \u2014 como as pessoas se conectam, negociam significados e gerenciam a tens\u00e3o sob press\u00e3o.<\/p>\n<p>Essa compreens\u00e3o agora norteia meu trabalho com profissionais e executivos que enfrentam estresse, esgotamento ou dificuldades de relacionamento. Com base na minha forma\u00e7\u00e3o em psicologia organizacional e estrat\u00e9gia, ajudo meus clientes a transformar insights em mudan\u00e7as pr\u00e1ticas, restaurando clareza, prop\u00f3sito e equil\u00edbrio emocional em ambientes exigentes.<\/p>\n<p>Paralelamente \u00e0 minha carreira corporativa, desenvolvi uma pr\u00e1tica som\u00e1tica e relacional, oferecendo sess\u00f5es individuais e participando de espa\u00e7os de aprendizagem corporal focados em intimidade, consentimento e autoconhecimento. Essa combina\u00e7\u00e3o de experi\u00eancia profissional vivida e investiga\u00e7\u00e3o corporal fundamenta meu trabalho terap\u00eautico, conectando o anal\u00edtico e o emocional, o cognitivo e o sentido, para que o crescimento ocorra tanto na compreens\u00e3o quanto na experi\u00eancia.<\/p>\n\t\t\n<style>\n#text-1087217289 {\n  text-align: left;\n}\n<\/style>\n\t<\/div>\n\t\n\t\t<\/div>\n\t\t\t\t\n<style>\n#col-1951766603 > .col-inner {\n  padding: 5px 5px 5px 5px;\n}\n@media (min-width:550px) {\n  #col-1951766603 > .col-inner {\n    padding: 20px 20px 20px 20px;\n  }\n}\n<\/style>\n\t<\/div>\n\n\t\n<\/div>\n<\/div>\n<div id=\"tab_values-and-perspective\" class=\"panel entry-content\" role=\"tabpanel\" aria-labelledby=\"tab-values-and-perspective\">\n<div class=\"row\"  id=\"row-330897624\">\n\n\t<div id=\"col-1920659567\" class=\"col small-12 large-12\"  >\n\t\t\t\t<div class=\"col-inner\" style=\"background-color:#f0efeb;\" >\n\t\t\t\n\t\t\t\n\t<div id=\"text-3090098862\" class=\"text\">\n\t\t\n<h2 class=\"\">Valores e Perspectiva<\/h2>\n\t\t\n<style>\n#text-3090098862 {\n  font-size: 1.5rem;\n  text-align: center;\n}\n<\/style>\n\t<\/div>\n\t\n\t<div id=\"text-1471291301\" class=\"text\">\n\t\t\n<p>Trabalho principalmente em ingl\u00eas e portugu\u00eas, oferecendo um espa\u00e7o inclusivo, que respeita a individualidade de cada corpo e se baseia no respeito m\u00fatuo. Meus valores se concentram na autenticidade, na curiosidade e na profundidade das rela\u00e7\u00f5es, acolhendo indiv\u00edduos e casais de diversas origens, orienta\u00e7\u00f5es e configura\u00e7\u00f5es de relacionamento.<\/p>\n<p>No cerne do meu trabalho est\u00e1 um objetivo simples: ajudar as pessoas a cultivar relacionamentos que sejam vivos, seguros e genu\u00ednos, tanto consigo mesmas quanto com os outros.<\/p>\n\t\t\n<style>\n#text-1471291301 {\n  text-align: left;\n}\n<\/style>\n\t<\/div>\n\t\n\t\t<\/div>\n\t\t\t\t\n<style>\n#col-1920659567 > .col-inner {\n  padding: 5px 5px 5px 5px;\n}\n@media (min-width:550px) {\n  #col-1920659567 > .col-inner {\n    padding: 20px 20px 20px 20px;\n  }\n}\n<\/style>\n\t<\/div>\n\n\t\n<\/div>\n<\/div>\n<div id=\"tab_ethical-practice-and-community-boundaries\" class=\"panel entry-content\" role=\"tabpanel\" aria-labelledby=\"tab-ethical-practice-and-community-boundaries\">\n<div class=\"row\"  id=\"row-712702830\">\n\n\t<div id=\"col-374716693\" class=\"col small-12 large-12\"  >\n\t\t\t\t<div class=\"col-inner\" style=\"background-color:#f0efeb;\" >\n\t\t\t\n\t\t\t\n\t<div id=\"text-3194681157\" class=\"text\">\n\t\t\n<h2 class=\"\">Pr\u00e1tica \u00c9tica e Limites Comunit\u00e1rios<\/h2>\n\t\t\n<style>\n#text-3194681157 {\n  font-size: 1.5rem;\n  text-align: center;\n}\n<\/style>\n\t<\/div>\n\t\n\t<div id=\"text-2224926175\" class=\"text\">\n\t\t\n<p>Em alguns casos, meu trabalho profissional e meus interesses pessoais podem se cruzar em comunidades que exploram relacionamentos, intimidade ou crescimento pessoal. Acredito na import\u00e2ncia da transpar\u00eancia sobre como podemos manter limites claros e respeito m\u00fatuo caso nossos caminhos se cruzem fora das sess\u00f5es. Essas diretrizes existem para proteger sua privacidade e preservar a integridade de nossa rela\u00e7\u00e3o terap\u00eautica.<\/p>\n\t\t\n<style>\n#text-2224926175 {\n  text-align: left;\n}\n<\/style>\n\t<\/div>\n\t\n\t<div id=\"text-3234229313\" class=\"text\">\n\t\t\n<ol>\n<li style=\"text-align: left;\"><strong>Encontros em ambientes p\u00fablicos ou sociais<\/strong><br \/>Se nos encontrarmos em um espa\u00e7o p\u00fablico, n\u00e3o me aproximarei nem lhe darei aten\u00e7\u00e3o, a menos que voc\u00ea inicie o contato.<br \/>Se voc\u00ea disser ol\u00e1, eu seguirei o seu exemplo, mantendo qualquer intera\u00e7\u00e3o leve e sem tom terap\u00eautico.<br \/>Se estivermos no mesmo evento comunit\u00e1rio, podemos discutir suas prefer\u00eancias com anteced\u00eancia para garantir conforto e clareza.<\/li>\n<li style=\"text-align: left;\"><strong>Contato acidental ou n\u00e3o planejado online<\/strong><br \/>Se nos encontrarmos em plataformas de namoro ou redes sociais, eu n\u00e3o iniciarei o contato e usarei ferramentas de privacidade para evitar exposi\u00e7\u00e3o.<br \/>Se voc\u00ea entrar em contato por l\u00e1, aguardarei para discutir o assunto em nossa pr\u00f3xima sess\u00e3o, para que possamos explor\u00e1-lo com calma.<\/li>\n<li style=\"text-align: left;\"><strong>Participar dos mesmos eventos ou comunidades<\/strong><br \/>Caso algum de n\u00f3s fique sabendo que estaremos no mesmo evento, retiro ou workshop, combinaremos previamente como manter sua confidencialidade e seguran\u00e7a.<\/li>\n<li style=\"text-align: left;\"><strong>Situa\u00e7\u00f5es sociais envolvendo o uso de subst\u00e2ncias<\/strong><br \/>Em qualquer ambiente social compartilhado, comprometo-me com a conduta profissional e a me afastar caso os limites possam se tornar confusos.<\/li>\n<li style=\"text-align: left;\"><strong>Quando a vida pessoal ou familiar se cruzam<\/strong><br \/>Se nossos c\u00edrculos pessoais se sobrep\u00f5em por meio de amigos em comum ou espa\u00e7os compartilhados, conversaremos abertamente sobre isso e avaliaremos se a continuidade da terapia parece apropriada e ben\u00e9fica.<\/li>\n<li style=\"text-align: left;\"><strong>Transpar\u00eancia cont\u00ednua<\/strong><br \/>Estas diretrizes n\u00e3o s\u00e3o regras r\u00edgidas, mas sim entendimentos compartilhados. Se algo lhe parecer desconfort\u00e1vel ou confuso, sinta-se \u00e0 vontade para trazer \u00e0 tona em nossas sess\u00f5es para que possamos lidar com isso juntos.<\/li>\n<\/ol>\n<p style=\"text-align: left;\">\u00c0 medida que nossas formas de conex\u00e3o evoluem nos espa\u00e7os digitais e f\u00edsicos, meu compromisso permanece o mesmo: manter um relacionamento \u00e9tico, honesto e alinhado ao seu crescimento.<\/p>\n\t\t\n<style>\n#text-3234229313 {\n  text-align: center;\n}\n<\/style>\n\t<\/div>\n\t\n\t\t<\/div>\n\t\t\t\t\n<style>\n#col-374716693 > .col-inner {\n  padding: 5px 5px 5px 5px;\n}\n@media (min-width:550px) {\n  #col-374716693 > .col-inner {\n    padding: 20px 20px 20px 20px;\n  }\n}\n<\/style>\n\t<\/div>\n\n\t\n<\/div>\n<\/div><\/div><\/div>\n\t\t<\/div>\n\t\t\t\t\n<style>\n#col-794013011 > .col-inner {\n  padding: 20px 20px 20px 20px;\n}\n<\/style>\n\t<\/div>\n\n\t\n<\/div>\n<div class=\"row\"  id=\"row-1404728915\">\n\n\t<div id=\"col-571012373\" class=\"col small-12 large-12\"  >\n\t\t\t\t<div class=\"col-inner dark\" style=\"background-color:#8d8d8d;\" >\n\t\t\t\n\t\t\t\n\t<div id=\"text-944709881\" class=\"text\">\n\t\t\n<h2 class=\"\">Vamos nos conectar<\/h2>\n\t\t\n<style>\n#text-944709881 {\n  font-size: 1.5rem;\n  text-align: center;\n}\n<\/style>\n\t<\/div>\n\t\n\t<div id=\"text-2293256481\" class=\"text\">\n\t\t\n<p>Se essa abordagem lhe parece interessante, terei prazer em encontr\u00e1-lo onde voc\u00ea estiver.<br \/>Seja para reconstruir a intimidade, encontrar equil\u00edbrio no trabalho ou se reconectar com seu corpo e desejo, o primeiro passo \u00e9 uma conversa.<\/p>\n<p><u><a href=\"https:\/\/helderplacidosantos.com\/pt\/reserve-ja\/?wmc-currency=EUR\"><strong>Agende uma sess\u00e3o<\/strong><\/a><\/u> ou <u><a href=\"https:\/\/helderplacidosantos.com\/pt\/contact\/?wmc-currency=EUR\"><strong>Entre em contato<\/strong><\/a><\/u>,<\/p>\n<p>Seus relacionamentos, seu laborat\u00f3rio, sua evolu\u00e7\u00e3o.<\/p>\n\t\t\n<style>\n#text-2293256481 {\n  text-align: center;\n}\n<\/style>\n\t<\/div>\n\t\n\t\t<\/div>\n\t\t\t\t\t<\/div>\n\n\t\n\n<style>\n#row-1404728915 > .col > .col-inner {\n  padding: 40px 40px 40px 40px;\n  background-color: #f0efeb;\n}\n<\/style>\n<\/div>\n\t\t<\/div>\n\n\t\t\n<style>\n#section_1305568533 {\n  padding-top: 30px;\n  padding-bottom: 30px;\n}\n<\/style>\n\t<\/section>\n\t\n<div class=\"text-center\"><div class=\"is-divider divider clearfix\" style=\"max-width:50%;height:2px;\"><\/div><\/div>","protected":false},"excerpt":{"rendered":"","protected":false},"author":1,"featured_media":2759,"parent":0,"menu_order":0,"comment_status":"closed","ping_status":"closed","template":"page-blank.php","meta":{"footnotes":""},"class_list":["post-3460","page","type-page","status-publish","has-post-thumbnail","hentry"],"_links":{"self":[{"href":"https:\/\/helderplacidosantos.com\/pt\/wp-json\/wp\/v2\/pages\/3460","targetHints":{"allow":["GET"]}}],"collection":[{"href":"https:\/\/helderplacidosantos.com\/pt\/wp-json\/wp\/v2\/pages"}],"about":[{"href":"https:\/\/helderplacidosantos.com\/pt\/wp-json\/wp\/v2\/types\/page"}],"author":[{"embeddable":true,"href":"https:\/\/helderplacidosantos.com\/pt\/wp-json\/wp\/v2\/users\/1"}],"replies":[{"embeddable":true,"href":"https:\/\/helderplacidosantos.com\/pt\/wp-json\/wp\/v2\/comments?post=3460"}],"version-history":[{"count":5,"href":"https:\/\/helderplacidosantos.com\/pt\/wp-json\/wp\/v2\/pages\/3460\/revisions"}],"predecessor-version":[{"id":3931,"href":"https:\/\/helderplacidosantos.com\/pt\/wp-json\/wp\/v2\/pages\/3460\/revisions\/3931"}],"wp:featuredmedia":[{"embeddable":true,"href":"https:\/\/helderplacidosantos.com\/pt\/wp-json\/wp\/v2\/media\/2759"}],"wp:attachment":[{"href":"https:\/\/helderplacidosantos.com\/pt\/wp-json\/wp\/v2\/media?parent=3460"}],"curies":[{"name":"wp","href":"https:\/\/api.w.org\/{rel}","templated":true}]}}