{"id":3609,"date":"2026-01-10T17:42:37","date_gmt":"2026-01-10T16:42:37","guid":{"rendered":"https:\/\/helderplacidosantos.com\/?page_id=3609"},"modified":"2026-01-16T04:31:15","modified_gmt":"2026-01-16T03:31:15","slug":"o-reinicio-executivo-recuperacao-intensiva-de-burnout-restauracao-de-desempenho","status":"publish","type":"page","link":"https:\/\/helderplacidosantos.com\/pt\/specialty-areas-your-lab-for-growth-and-connection\/workplace-relationship-dynamics-well-being\/the-executive-reset-intensive-burnout-recovery-performance-restoratio\/","title":{"rendered":"O Programa de Reinven\u00e7\u00e3o Executiva \u2013 Recupera\u00e7\u00e3o Intensiva da S\u00edndrome de Burnout e Restaura\u00e7\u00e3o do Desempenho \u2013 12 sess\u00f5es \u2013 1h30min cada"},"content":{"rendered":"\n\t<section class=\"section\" id=\"section_1149750830\">\n\t\t<div class=\"section-bg fill\" >\n\t\t\t\t\t\t\t\t\t\n\t\t\t\n\n\t\t<\/div>\n\n\t\t\n\n\t\t<div class=\"section-content relative\">\n\t\t\t\n<div class=\"row\"  id=\"row-588480801\">\n\n\t<div id=\"col-1916250679\" class=\"col medium-6 small-12 large-6\"  >\n\t\t\t\t<div class=\"col-inner\"  >\n\t\t\t\n\t\t\t\n\t<div class=\"img has-hover x md-x lg-x y md-y lg-y\" id=\"image_931641798\">\n\t\t\t\t\t\t\t\t<div class=\"img-inner image-cover dark\" style=\"padding-top:100%;\">\n\t\t\t<img loading=\"lazy\" decoding=\"async\" width=\"1080\" height=\"1350\" src=\"https:\/\/helderplacidosantos.com\/wp-content\/uploads\/2025\/07\/The-Executive-Reset.jpg\" class=\"attachment-original size-original\" alt=\"The Executive Reset\" srcset=\"https:\/\/helderplacidosantos.com\/wp-content\/uploads\/2025\/07\/The-Executive-Reset.jpg 1080w, https:\/\/helderplacidosantos.com\/wp-content\/uploads\/2025\/07\/The-Executive-Reset-240x300.jpg 240w, https:\/\/helderplacidosantos.com\/wp-content\/uploads\/2025\/07\/The-Executive-Reset-819x1024.jpg 819w, https:\/\/helderplacidosantos.com\/wp-content\/uploads\/2025\/07\/The-Executive-Reset-768x960.jpg 768w, https:\/\/helderplacidosantos.com\/wp-content\/uploads\/2025\/07\/The-Executive-Reset-600x750.jpg 600w\" sizes=\"auto, (max-width: 1080px) 100vw, 1080px\" \/>\t\t\t\t\t\t\n\t\t\t\t\t<\/div>\n\t\t\t\t\t\t\t\t\n<style>\n#image_931641798 {\n  width: 100%;\n}\n<\/style>\n\t<\/div>\n\t\n\t\t<\/div>\n\t\t\t\t\t<\/div>\n\n\t\n\n\t<div id=\"col-273271607\" class=\"col medium-6 small-12 large-6\"  >\n\t\t\t\t<div class=\"col-inner text-center\"  >\n\t\t\t\n\t\t\t\n\t<div id=\"text-1607285422\" class=\"text\">\n\t\t\n<h1>The Executive Reset \u2013 Intensive Burnout Recovery &amp; Performance Restoration<\/h1>\n<p class=\"lead\"><strong>For High-Achievers Who Need to Break the Burnout Cycle &amp; Restore Mental Clarity<\/strong><\/p>\n<h3>12 sessions &#8211; 1h30min\/each<\/h3>\n\t\t\n<style>\n#text-1607285422 {\n  font-size: 1rem;\n  text-align: center;\n}\n@media (min-width:550px) {\n  #text-1607285422 {\n    text-align: left;\n  }\n}\n<\/style>\n\t<\/div>\n\t\n\t<div id=\"text-93548474\" class=\"text\">\n\t\t\n<p>When relentless ambition meets exhaustion, the body and mind signal the need for change. This intensive burnout recovery program is designed for high-performing professionals who feel mentally drained, emotionally disconnected, or physically exhausted.<\/p>\n<p>Using cutting-edge burnout science, somatic regulation, and performance psychology, this program helps rewire stress responses, replenish energy, and create a sustainable work-life flow.<\/p>\n\t\t\n<style>\n#text-93548474 {\n  text-align: center;\n}\n@media (min-width:550px) {\n  #text-93548474 {\n    text-align: left;\n  }\n}\n<\/style>\n\t<\/div>\n\t\n<a href=\"#shop_program\" class=\"button primary\" >\n\t\t<span>Buy and Schedule Program<\/span>\n\t<\/a>\n\n\t\t<\/div>\n\t\t\t\t\t<\/div>\n\n\t\n<\/div>\n\t\t<\/div>\n\n\t\t\n<style>\n#section_1149750830 {\n  padding-top: 30px;\n  padding-bottom: 30px;\n  background-color: #f0efeb;\n}\n@media (min-width:550px) {\n  #section_1149750830 {\n    padding-top: 50px;\n    padding-bottom: 50px;\n  }\n}\n@media (min-width:850px) {\n  #section_1149750830 {\n    padding-top: 70px;\n    padding-bottom: 70px;\n  }\n}\n<\/style>\n\t<\/section>\n\t\n\n\t<section class=\"section\" id=\"section_1543674289\">\n\t\t<div class=\"section-bg fill\" >\n\t\t\t\t\t\t\t\t\t\n\t\t\t\n\n\t\t<\/div>\n\n\t\t\n\n\t\t<div class=\"section-content relative\">\n\t\t\t\n<div class=\"row\"  id=\"row-623358725\">\n\n\t<div id=\"col-1644974415\" class=\"col small-12 large-12\"  >\n\t\t\t\t<div class=\"col-inner text-left dark\"  >\n\t\t\t\n\t\t\t\n\t<div id=\"text-3653696248\" class=\"text\">\n\t\t\n<h3><strong>What You\u2019ll Gain:<\/strong><\/h3>\n<ol>\n<li><strong>Rewire Your Nervous System for Resilience<\/strong>\u00a0\u2013 Learn somatic regulation, breathwork, and stress-recovery techniques to prevent burnout cycles.<\/li>\n<li><strong>Restore Mental Clarity &amp; Performance<\/strong>\u00a0\u2013 Implement\u00a0cognitive reframing and neuropsychological strategies for focus and decision-making.<\/li>\n<li><strong>Redefine Success on Your Terms<\/strong>\u00a0\u2013 Reconnect with your purpose, relationships, and personal well-being while maintaining high performance.<\/li>\n<\/ol>\n\t\t\n<style>\n#text-3653696248 {\n  text-align: left;\n}\n<\/style>\n\t<\/div>\n\t\n\t\t<\/div>\n\t\t\t\t\t<\/div>\n\n\t\n\n<style>\n#row-623358725 > .col > .col-inner {\n  padding: 20px 20px 20px 20px;\n  background-color: #8d8d8d;\n}\n@media (min-width:550px) {\n  #row-623358725 > .col > .col-inner {\n    padding: 40px 40px 40px 40px;\n  }\n}\n<\/style>\n<\/div>\n\t\t<\/div>\n\n\t\t\n<style>\n#section_1543674289 {\n  padding-top: 30px;\n  padding-bottom: 30px;\n}\n<\/style>\n\t<\/section>\n\t\n\n\t<section class=\"section\" id=\"section_46376129\">\n\t\t<div class=\"section-bg fill\" >\n\t\t\t\t\t\t\t\t\t\n\t\t\t\n\n\t\t<\/div>\n\n\t\t\n\n\t\t<div class=\"section-content relative\">\n\t\t\t\n<div class=\"row\"  id=\"row-718732809\">\n\n\t<div id=\"col-1531267560\" class=\"col small-12 large-12\"  >\n\t\t\t\t<div class=\"col-inner\"  >\n\t\t\t\n\t\t\t\n<h3><strong>How It Works:<\/strong><\/h3>\n<ul>\n<li>\n<p><strong>Understanding Burnout &amp; Your Unique Stress Blueprint<\/strong><br \/>We begin with a personalized assessment of stress patterns, emotional exhaustion, and nervous system responses using evidence-based psychological tools.<\/p>\n<\/li>\n<li>\n<p><strong>Somatic Burnout Recovery &amp; Mental Rewiring<\/strong><br \/>Through biofeedback, bodywork, and guided breathwork, we train your nervous system to shift from chronic stress to restoration mode.<\/p>\n<\/li>\n<li>\n<p><strong>Cognitive &amp; Emotional Resilience Training<\/strong><br \/>Using CBT, mindfulness, and stress-resilience coaching, we reframe limiting beliefs around work, success, and energy management.<\/p>\n<\/li>\n<li>\n<p><strong>Sustainable Success &amp; Long-Term Burnout Prevention<\/strong><br \/>We develop a personalized strategy for long-term well-being, integrating work-life alignment, relationship recovery, and peak performance strategies.<\/p>\n<\/li>\n<\/ul>\n\t\t<\/div>\n\t\t\t\t\t<\/div>\n\n\t\n\n<style>\n#row-718732809 > .col > .col-inner {\n  padding: 20px 20px 20px 20px;\n  background-color: rgb(240, 239, 235);\n}\n@media (min-width:550px) {\n  #row-718732809 > .col > .col-inner {\n    padding: 40px 40px 40px 40px;\n  }\n}\n<\/style>\n<\/div>\n\t\t<\/div>\n\n\t\t\n<style>\n#section_46376129 {\n  padding-top: 30px;\n  padding-bottom: 30px;\n}\n<\/style>\n\t<\/section>\n\t\n<div class=\"row align-center\"  id=\"row-552271125\">\n\n\t<div id=\"col-1629906428\" class=\"col medium-9 small-12 large-9\"  >\n\t\t\t\t<div class=\"col-inner text-center\"  >\n\t\t\t\n\t\t\t\n<div class=\"container section-title-container\" ><h3 class=\"section-title section-title-center\"><b aria-hidden=\"true\"><\/b><span class=\"section-title-main\" >True success includes well-being. Let\u2019s reset, refocus, and restore your energy\u2014without sacrificing performance.<\/span><b aria-hidden=\"true\"><\/b><\/h3><\/div>\n\t\t<\/div>\n\t\t\t\t\t<\/div>\n\n\t\n<\/div>\n\n\t<section class=\"section\" id=\"section_121438394\">\n\t\t<div class=\"section-bg fill\" >\n\t\t\t\t\t\t\t\t\t\n\t\t\t\n\n\t\t<\/div>\n\n\t\t\n\n\t\t<div class=\"section-content relative\">\n\t\t\t\n<span class=\"scroll-to\" data-label=\"Scroll to: #shop_program\" data-bullet=\"false\" data-link=\"#shop_program\" data-title=\"Change this\"><a name=\"shop_program\"><\/a><\/span>\n<div class=\"row\"  id=\"row-662678139\">\n\n\t<div id=\"col-357524235\" class=\"col small-12 large-12\"  >\n\t\t\t\t<div class=\"col-inner text-left\"  >\n\t\t\t\n\t\t\t\n\t<div id=\"text-3903687800\" class=\"text\">\n\t\t\n<h2><strong>Buy And Book This Program:<\/strong><\/h2>\n<p>The program displayed is the base for the program. Any custom request will be subject to evaluation.<\/p>\n\t\t\n<style>\n#text-3903687800 {\n  text-align: center;\n}\n<\/style>\n\t<\/div>\n\t\n\n<style>\n.add_to_cart_button {display:none;}\n<\/style>\n\n<div class=\"row align-equal align-center\"  id=\"row-2086807264\">\n\n\t<div id=\"col-417333978\" class=\"col medium-6 small-12 large-6\"  >\n\t\t\t\t<div class=\"col-inner\" style=\"background-color:rgb(255, 255, 255);\" >\n\t\t\t\n\t\t\t\n\t<div id=\"text-3835342722\" class=\"text\">\n\t\t\n<h3>The Executive Reset &#8211; Program Price<\/h3>\n<p class=\"product woocommerce add_to_cart_inline \" style=\"border:4px solid #ccc; padding: 12px;\"><span class=\"woocommerce-Price-amount amount\"><bdi>11 000,00&nbsp;<span class=\"woocommerce-Price-currencySymbol\">CHF<\/span><\/bdi><\/span><a href=\"\/pt\/wp-json\/wp\/v2\/pages\/3609?add-to-cart=2944\" aria-describedby=\"woocommerce_loop_add_to_cart_link_describedby_2944\" data-quantity=\"1\" class=\"button product_type_simple add_to_cart_button ajax_add_to_cart\" data-product_id=\"2944\" data-product_sku=\"110403\" aria-label=\"Adiciona ao carrinho: &ldquo;The Executive Reset \u2013 Intensive Burnout Recovery &amp; Performance Restoration&rdquo;\" rel=\"nofollow\" data-success_message=\"&ldquo;The Executive Reset \u2013 Intensive Burnout Recovery &amp; Performance Restoration&rdquo; foi adicionado ao seu carrinho\" role=\"button\">Adicionar<\/a>\t<span id=\"woocommerce_loop_add_to_cart_link_describedby_2944\" class=\"screen-reader-text\">\n\t\t\t<\/span>\n<\/p>\n\t\t\n<style>\n#text-3835342722 {\n  line-height: 0.75;\n  text-align: center;\n}\n<\/style>\n\t<\/div>\n\t\n<script type=\"text\/javascript\">\n    (function (win, fn) {\n        var done = false, top = true,\n            doc = win.document,\n            root = doc.documentElement,\n            modern = doc.addEventListener,\n            add = modern ? 'addEventListener' : 'attachEvent',\n            rem = modern ? 'removeEventListener' : 'detachEvent',\n            pre = modern ? '' : 'on',\n            init = function (e) {\n                if (e.type == 'readystatechange') if (doc.readyState != 'complete') return;\n                (e.type == 'load' ? win : doc)[rem](pre + e.type, init, false);\n                if (!done) {\n                    done = true;\n                    fn.call(win, e.type || e);\n                }\n            },\n            poll = function () {\n                try {\n                    root.doScroll('left');\n                } catch (e) {\n                    setTimeout(poll, 50);\n                    return;\n                }\n                init('poll');\n            };\n        if (doc.readyState == 'complete') fn.call(win, 'lazy');\n        else {\n            if (!modern) if (root.doScroll) {\n                try {\n                    top = !win.frameElement;\n                } catch (e) {\n                }\n                if (top) poll();\n            }\n            doc[add](pre + 'DOMContentLoaded', init, false);\n            doc[add](pre + 'readystatechange', init, false);\n            win[add](pre + 'load', init, false);\n        }\n    })(window, function () {\n        window.BooklySearchForm.showForm(\"bookly-search-form-the-executive-reset\", \"bookly-search-form-the-executive-reset-69e6f3f9d901d\", {\"main_color\":\"#b35f4a\",\"service_card_width\":260,\"service_header_height\":120,\"staff_card_width\":260,\"hide_borders\":false,\"show_book_more\":true,\"show_qr_code\":true,\"show_calendar\":false,\"show_services_filter\":false,\"show_staff_filter\":false,\"show_staff_rating\":false,\"show_timezone\":false,\"show_receipt_on_cart\":true,\"show_receipt_on_payment\":true,\"skip_cart_step\":false,\"use_cart_local_storage\":true,\"default_service\":\"4\",\"default_staff\":\"1\",\"service_card_show_badge\":true,\"package_card_show_badge\":true,\"gift_card_show_badge\":true,\"services_fields_order\":[\"service\",\"duration\",\"price\",\"staff\"],\"services_fields_show\":[\"service\",\"duration\",\"price\"],\"packages_fields_order\":[\"package\",\"service\",\"duration\",\"price\",\"staff\"],\"packages_fields_show\":[\"duration\",\"package\"],\"gift_cards_fields_order\":[\"title\",\"price\"],\"gift_cards_fields_show\":[\"title\",\"price\"],\"show_first_slot_only\":false,\"show_gift_cards\":true,\"show_add_to_calendar\":false,\"show_slot_info\":false,\"sell_services\":false,\"sell_gift_cards\":false,\"full_name_required\":true,\"first_name_required\":true,\"last_name_required\":true,\"email_required\":true,\"phone_required\":true,\"address_required\":false,\"birthday_required\":false,\"verify_credentials\":false,\"show_summary_service\":true,\"show_summary_staff\":true,\"show_summary_date\":true,\"show_summary_price\":true,\"show_blocked_slots\":false,\"show_change_date\":false,\"initial_view\":\"form\",\"hidden_services\":[],\"hidden_gift_cards\":[],\"details_fields_order\":[\"text\",\"full_name\",\"first_name\",\"last_name\",\"email\",\"phone\",\"address\",\"notes\",\"birthday\",\"terms\",\"google_maps\",\"custom_fields\"],\"details_fields_width\":{\"text\":12,\"full_name\":12,\"first_name\":6,\"last_name\":6,\"email\":6,\"phone\":6,\"google_maps\":12,\"address\":12,\"notes\":12,\"birthday\":12,\"terms\":12,\"custom_fields\":[]},\"details_fields_show\":[\"text\",\"first_name\",\"last_name\",\"email\",\"phone\",\"custom_fields\"],\"cards_display_mode\":\"with_slots\",\"available_dates\":\"schedule\",\"show_services_mode\":\"no_any\",\"address\":{\"order\":[\"country\",\"state\",\"postcode\",\"city\",\"street\",\"street_number\",\"additional_address\"],\"show\":[\"country\",\"state\",\"postcode\",\"city\",\"street\",\"street_number\",\"additional_address\"],\"labels\":{\"country\":\"Country\",\"state\":\"State\\\/Region\",\"postcode\":\"Postal Code\",\"city\":\"City\",\"street\":\"Street Address\",\"street_number\":\"Street Number\",\"additional_address\":\"Additional Address\"}},\"l10n\":{\"steps\":{\"calendar\":\"Start\",\"extras\":\"Extras\",\"slots\":\"Time\",\"cart\":\"Cart\",\"details\":\"Details\",\"payment\":\"Payment\",\"done\":\"Finish\"},\"steps_descriptions\":{\"calendar\":\"Select service\",\"extras\":\"Add extras\",\"slots\":\"Select time slot\",\"cart\":\"Check cart\",\"details\":\"Your information\",\"payment\":\"Make purchase\",\"done\":\"Done\"},\"address_label\":\"Address\",\"address_placeholders\":{\"country\":\"Country\",\"state\":\"State\\\/Region\",\"postcode\":\"Postal Code\",\"city\":\"City\",\"street\":\"Street Address\",\"street_number\":\"Street Number\",\"additional_address\":\"Additional Address\"},\"notes\":\"Notes\",\"birthday\":\"Birthday\",\"staff\":\"Staff\",\"any_staff\":\"Any\",\"service\":\"Service\",\"gift_card\":\"Gift card\",\"gift_card_title\":\"Gift card\",\"date\":\"Date\",\"time\":\"Time\",\"price\":\"Price\",\"next\":\"Next\",\"back\":\"Back\",\"select_service\":\"Select service\",\"select_staff\":\"Any\",\"book_now\":\"Book now\",\"buy_now\":\"Buy now\",\"book_more\":\"Book more\",\"close\":\"Close\",\"full_name\":\"Full name\",\"full_name_error_required\":\"Required\",\"first_name\":\"First name\",\"first_name_error_required\":\"Required\",\"last_name\":\"Last name\",\"last_name_error_required\":\"Required\",\"email\":\"Email\",\"email_error_required\":\"Required\",\"phone\":\"Phone\",\"phone_error_required\":\"Required\",\"address_field_required\":\"Required\",\"birthday_error_required\":\"Required\",\"no_slots\":\"No time slots available\",\"slot_not_available\":\"Slot already booked\",\"no_results\":\"No results found\",\"nop\":\"Number of persons\",\"booking_success\":\"Thank you!\",\"booking_error\":\"Oops!\",\"booking_completed\":\"Your booking is complete.\",\"order_id\":\"Your order number\",\"gift_card_booking_completed\":\"Your gift card has been created.\",\"processing\":\"Your payment has been accepted for processing.\",\"group_skip_payment\":\"Payment has been skipped.\",\"payment_impossible\":\"No payment methods available. Please contact service provider.\",\"appointments_limit_reached\":\"You are trying to use the service too often. Please contact us to make a booking.\",\"terms_text\":\"I agree to the terms of service\",\"text_calendar\":\"\",\"text_extras\":\"Select the Extras you'd like (Multiple Selection)\",\"text_slots\":\"Click on a time slot to proceed with booking\",\"text_details\":\"Please provide your details in the form below to proceed with the booking\",\"text_payment\":\"Please tell us how you would like to pay\",\"gift_card_label\":\"Gift card\",\"gift_card_button\":\"Apply\",\"gift_card_text\":\"Your gift card code if you have one\",\"gift_card_expired\":\"This gift card has expired\",\"gift_card_invalid\":\"This gift card cannot be used for the current order\",\"gift_card_low_balance\":\"Gift card balance is not enough\",\"gift_card_not_found\":\"Gift card not found\",\"timezone\":\"Your time zone\",\"select_city\":\"Select city\",\"add_to_calendar\":\"Add to calendar\",\"total\":\"Total\",\"sub_total\":\"Subtotal\",\"discount\":\"Discount\",\"to_pay\":\"Amount to pay\",\"verify_code\":\"Verification code\",\"verify_email\":\"Enter verification code from email\",\"verify_phone\":\"Enter verification code from SMS\",\"verify_resend\":\"Resend code\",\"verify_apply\":\"Apply\",\"verify_code_incorrect\":\"Incorrect verification code\",\"cart_item_not_available\":\"The selected time is not available anymore\",\"initial_view_button_title\":\"View\",\"package\":\"Package\",\"package_booking_completed\":\"Your package has been created.\",\"summary\":\"Summary\"},\"type\":\"search-form\",\"sell_packages\":true,\"hidden_packages\":[],\"show_extras_price\":true,\"show_extras_summary\":true,\"categories_any\":false,\"services_any\":false,\"staff_any\":false,\"events_any\":false,\"name\":\"The Executive Reset - 12 Sessions - Base Price\",\"custom_css\":\"\",\"token\":\"the-executive-reset\"});\n    });\n    var ajaxurl = \"https:\/\/helderplacidosantos.com\/wp-admin\/admin-ajax.php\";\n<\/script>\n<style>\n    .bookly-search-form-the-executive-reset-69e6f3f9d901d {\n        --bookly-color: #b35f4a;\n    }\n\n    :root {\n        --bookly-flags-url: url(https:\/\/helderplacidosantos.com\/wp-content\/plugins\/bookly-responsive-appointment-booking-tool\/frontend\/resources\/images\/flags.png);\n        --bookly-flags2x-url: url(https:\/\/helderplacidosantos.com\/wp-content\/plugins\/bookly-responsive-appointment-booking-tool\/frontend\/resources\/images\/flags@2x.png);\n        --rtl-phone-align: left;\n    }\n<\/style>\n<div id=\"bookly-search-form-the-executive-reset-69e6f3f9d901d\" class=\"bookly-search-form-container\"><\/div>\n<ul>\n<li>After buying you will have the Session List available in \u201c<a href=\"https:\/\/helderplacidosantos.com\/my-account\/\"><u>My Account<\/u><\/a>\u201c, under \u201c<a href=\"https:\/\/helderplacidosantos.com\/packages-list\/\"><u>Book Packages<\/u><\/a>\u201d to book all the 12 sessions of the program.<\/li>\n<li>You must schedule all sessions within 90 days of purchase.<\/li>\n<\/ul>\n\t\t<\/div>\n\t\t\t\t\n<style>\n#col-417333978 > .col-inner {\n  padding: 25px 20px 25px 20px;\n}\n<\/style>\n\t<\/div>\n\n\t\n<\/div>\n\t\t<\/div>\n\t\t\t\t\t<\/div>\n\n\t\n\n<style>\n#row-662678139 > .col > .col-inner {\n  padding: 40px 40px 40px 40px;\n  background-color: #f0efeb;\n}\n<\/style>\n<\/div>\n\t\t<\/div>\n\n\t\t\n<style>\n#section_121438394 {\n  padding-top: 30px;\n  padding-bottom: 30px;\n}\n<\/style>\n\t<\/section>\n\t\n<div class=\"text-center\"><div class=\"is-divider divider clearfix\" style=\"max-width:80%;height:1px;\"><\/div><\/div>\n","protected":false},"excerpt":{"rendered":"","protected":false},"author":1,"featured_media":3396,"parent":3228,"menu_order":0,"comment_status":"closed","ping_status":"closed","template":"page-blank.php","meta":{"footnotes":""},"class_list":["post-3609","page","type-page","status-publish","has-post-thumbnail","hentry"],"_links":{"self":[{"href":"https:\/\/helderplacidosantos.com\/pt\/wp-json\/wp\/v2\/pages\/3609","targetHints":{"allow":["GET"]}}],"collection":[{"href":"https:\/\/helderplacidosantos.com\/pt\/wp-json\/wp\/v2\/pages"}],"about":[{"href":"https:\/\/helderplacidosantos.com\/pt\/wp-json\/wp\/v2\/types\/page"}],"author":[{"embeddable":true,"href":"https:\/\/helderplacidosantos.com\/pt\/wp-json\/wp\/v2\/users\/1"}],"replies":[{"embeddable":true,"href":"https:\/\/helderplacidosantos.com\/pt\/wp-json\/wp\/v2\/comments?post=3609"}],"version-history":[{"count":5,"href":"https:\/\/helderplacidosantos.com\/pt\/wp-json\/wp\/v2\/pages\/3609\/revisions"}],"predecessor-version":[{"id":3853,"href":"https:\/\/helderplacidosantos.com\/pt\/wp-json\/wp\/v2\/pages\/3609\/revisions\/3853"}],"up":[{"embeddable":true,"href":"https:\/\/helderplacidosantos.com\/pt\/wp-json\/wp\/v2\/pages\/3228"}],"wp:featuredmedia":[{"embeddable":true,"href":"https:\/\/helderplacidosantos.com\/pt\/wp-json\/wp\/v2\/media\/3396"}],"wp:attachment":[{"href":"https:\/\/helderplacidosantos.com\/pt\/wp-json\/wp\/v2\/media?parent=3609"}],"curies":[{"name":"wp","href":"https:\/\/api.w.org\/{rel}","templated":true}]}}