{"id":3612,"date":"2026-01-10T17:58:12","date_gmt":"2026-01-10T16:58:12","guid":{"rendered":"https:\/\/helderplacidosantos.com\/?page_id=3612"},"modified":"2026-01-16T03:26:35","modified_gmt":"2026-01-16T02:26:35","slug":"embodied-resilience-a-somatic-approach-to-burnout-recovery-stress-mastery","status":"publish","type":"page","link":"https:\/\/helderplacidosantos.com\/pt\/specialty-areas-your-lab-for-growth-and-connection\/workplace-relationship-dynamics-well-being\/embodied-resilience-a-somatic-approach-to-burnout-recovery-stress-mastery\/","title":{"rendered":"Resili\u00eancia Incorporada \u2013 Uma Abordagem Som\u00e1tica para a Recupera\u00e7\u00e3o da S\u00edndrome de Burnout e Dom\u00ednio do Estresse \u2013 8 sess\u00f5es \u2013 1h30min cada"},"content":{"rendered":"\n\t<section class=\"section\" id=\"section_2039052739\">\n\t\t<div class=\"section-bg fill\" >\n\t\t\t\t\t\t\t\t\t\n\t\t\t\n\n\t\t<\/div>\n\n\t\t\n\n\t\t<div class=\"section-content relative\">\n\t\t\t\n<div class=\"row\"  id=\"row-1421676524\">\n\n\t<div id=\"col-809178894\" class=\"col medium-6 small-12 large-6\"  >\n\t\t\t\t<div class=\"col-inner\"  >\n\t\t\t\n\t\t\t\n\t<div class=\"img has-hover x md-x lg-x y md-y lg-y\" id=\"image_1421835978\">\n\t\t\t\t\t\t\t\t<div class=\"img-inner image-cover dark\" style=\"padding-top:100%;\">\n\t\t\t<img loading=\"lazy\" decoding=\"async\" width=\"1080\" height=\"1350\" src=\"https:\/\/helderplacidosantos.com\/wp-content\/uploads\/2025\/07\/Embodied-Resilience.jpg\" class=\"attachment-original size-original\" alt=\"Embodied Resilience\" srcset=\"https:\/\/helderplacidosantos.com\/wp-content\/uploads\/2025\/07\/Embodied-Resilience.jpg 1080w, https:\/\/helderplacidosantos.com\/wp-content\/uploads\/2025\/07\/Embodied-Resilience-240x300.jpg 240w, https:\/\/helderplacidosantos.com\/wp-content\/uploads\/2025\/07\/Embodied-Resilience-819x1024.jpg 819w, https:\/\/helderplacidosantos.com\/wp-content\/uploads\/2025\/07\/Embodied-Resilience-768x960.jpg 768w, https:\/\/helderplacidosantos.com\/wp-content\/uploads\/2025\/07\/Embodied-Resilience-10x12.jpg 10w, https:\/\/helderplacidosantos.com\/wp-content\/uploads\/2025\/07\/Embodied-Resilience-600x750.jpg 600w\" sizes=\"auto, (max-width: 1080px) 100vw, 1080px\" \/>\t\t\t\t\t\t\n\t\t\t\t\t<\/div>\n\t\t\t\t\t\t\t\t\n<style>\n#image_1421835978 {\n  width: 100%;\n}\n<\/style>\n\t<\/div>\n\t\n\t\t<\/div>\n\t\t\t\t\t<\/div>\n\n\t\n\n\t<div id=\"col-1848984275\" class=\"col medium-6 small-12 large-6\"  >\n\t\t\t\t<div class=\"col-inner text-center\"  >\n\t\t\t\n\t\t\t\n\t<div id=\"text-3306172824\" class=\"text\">\n\t\t\n<h1>Embodied Resilience \u2013 A Somatic Approach to Burnout Recovery &amp; Stress Mastery<\/h1>\n<p class=\"lead\"><strong>For Professionals Who Want to Reconnect with Their Bodies &amp; Restore Energy Through Mindful Practices<\/strong><\/p>\n<h3>8 sessions &#8211; 1h30min\/each<\/h3>\n\t\t\n<style>\n#text-3306172824 {\n  font-size: 1rem;\n  text-align: center;\n}\n@media (min-width:550px) {\n  #text-3306172824 {\n    text-align: left;\n  }\n}\n<\/style>\n\t<\/div>\n\t\n\t<div id=\"text-2445988481\" class=\"text\">\n\t\t\n<p>Burnout isn\u2019t just mental\u2014it\u2019s stored in the body. Chronic stress, exhaustion, and emotional depletion manifest as tension, insomnia, digestive issues, and nervous system dysregulation.<\/p>\n<p>This\u00a0somatic-centered burnout recovery program combines bodywork, trauma-informed movement, and stress-recovery practices to help you release stored stress, restore energy, and rebuild your relationship with your body.<br \/>\n\t\t\n<style>\n#text-2445988481 {\n  text-align: center;\n}\n@media (min-width:550px) {\n  #text-2445988481 {\n    text-align: left;\n  }\n}\n<\/style>\n\t<\/div>\n\t\n<a href=\"#shop_program\" class=\"button primary\" >\n\t\t<span>Buy and Book Program<\/span>\n\t<\/a>\n\n\t\t<\/div>\n\t\t\t\t\t<\/div>\n\n\t\n<\/div>\n\t\t<\/div>\n\n\t\t\n<style>\n#section_2039052739 {\n  padding-top: 30px;\n  padding-bottom: 30px;\n  background-color: #f0efeb;\n}\n@media (min-width:550px) {\n  #section_2039052739 {\n    padding-top: 50px;\n    padding-bottom: 50px;\n  }\n}\n@media (min-width:850px) {\n  #section_2039052739 {\n    padding-top: 70px;\n    padding-bottom: 70px;\n  }\n}\n<\/style>\n\t<\/section>\n\t\n\n\t<section class=\"section\" id=\"section_324262842\">\n\t\t<div class=\"section-bg fill\" >\n\t\t\t\t\t\t\t\t\t\n\t\t\t\n\n\t\t<\/div>\n\n\t\t\n\n\t\t<div class=\"section-content relative\">\n\t\t\t\n<div class=\"row\"  id=\"row-1591334885\">\n\n\t<div id=\"col-217897765\" class=\"col small-12 large-12\"  >\n\t\t\t\t<div class=\"col-inner text-left dark\"  >\n\t\t\t\n\t\t\t\n\t<div id=\"text-4048157053\" class=\"text\">\n\t\t\n<h3><strong>What You\u2019ll Gain:<\/strong><\/h3>\n<ol>\n<li><strong>Recalibrate Your Nervous System<\/strong>\u00a0\u2013 Shift from chronic fight-or-flight to a state of balance through somatic regulation techniques.<\/li>\n<li><strong>Restore Energy &amp; Reduce Physical Tension<\/strong>\u00a0\u2013 Use body-based practices, guided movement, and breathwork to release stress trapped in the body.<\/li>\n<li><strong>Develop a Mindful, Sustainable Work-Life Connection<\/strong>\u00a0\u2013 Learn how to maintain resilience and energy without overextending yourself.<\/li>\n<\/ol>\n\t\t\n<style>\n#text-4048157053 {\n  text-align: left;\n}\n<\/style>\n\t<\/div>\n\t\n\t\t<\/div>\n\t\t\t\t\t<\/div>\n\n\t\n\n<style>\n#row-1591334885 > .col > .col-inner {\n  padding: 20px 20px 20px 20px;\n  background-color: #8d8d8d;\n}\n@media (min-width:550px) {\n  #row-1591334885 > .col > .col-inner {\n    padding: 40px 40px 40px 40px;\n  }\n}\n<\/style>\n<\/div>\n\t\t<\/div>\n\n\t\t\n<style>\n#section_324262842 {\n  padding-top: 30px;\n  padding-bottom: 30px;\n}\n<\/style>\n\t<\/section>\n\t\n\n\t<section class=\"section\" id=\"section_614790901\">\n\t\t<div class=\"section-bg fill\" >\n\t\t\t\t\t\t\t\t\t\n\t\t\t\n\n\t\t<\/div>\n\n\t\t\n\n\t\t<div class=\"section-content relative\">\n\t\t\t\n<div class=\"row\"  id=\"row-1986685690\">\n\n\t<div id=\"col-2013319485\" class=\"col small-12 large-12\"  >\n\t\t\t\t<div class=\"col-inner\"  >\n\t\t\t\n\t\t\t\n<h3><strong>How It Works:<\/strong><\/h3>\n<ul>\n<li><strong>The Body\u2019s Stress Patterns &amp; Somatic Awareness<\/strong><br \/>\nWe identify where stress manifests in your body and introduce self-regulation tools for immediate relief.<\/li>\n<li><strong>Somatic Release &amp; Breathwork for Stress Recovery<\/strong><br \/>\nUsing polyvagal-informed techniques, bodywork, and guided movement, we reset your nervous system and deepen body awareness.<\/li>\n<li><strong>Emotional Integration &amp; Mindfulness-Based Resilience<\/strong><br \/>\nWe integrate mindfulness, movement-based coaching, and body-based techniques to create stress mastery habits.<\/li>\n<li><strong>Long-Term Somatic Resilience &amp; Work-Life Harmony<\/strong><br \/>\nWe develop a customized stress-prevention plan, blending daily somatic rituals, work-life integration, and emotional balance strategies.<\/li>\n<\/ul>\n\t\t<\/div>\n\t\t\t\t\t<\/div>\n\n\t\n\n<style>\n#row-1986685690 > .col > .col-inner {\n  padding: 20px 20px 20px 20px;\n  background-color: rgb(240, 239, 235);\n}\n@media (min-width:550px) {\n  #row-1986685690 > .col > .col-inner {\n    padding: 40px 40px 40px 40px;\n  }\n}\n<\/style>\n<\/div>\n\t\t<\/div>\n\n\t\t\n<style>\n#section_614790901 {\n  padding-top: 30px;\n  padding-bottom: 30px;\n}\n<\/style>\n\t<\/section>\n\t\n<div class=\"row align-center\"  id=\"row-365416011\">\n\n\t<div id=\"col-1649505325\" class=\"col medium-9 small-12 large-9\"  >\n\t\t\t\t<div class=\"col-inner text-center\"  >\n\t\t\t\n\t\t\t\n<div class=\"container section-title-container\" ><h3 class=\"section-title section-title-center\"><b aria-hidden=\"true\"><\/b><span class=\"section-title-main\" >Your body holds the key to stress recovery. Let\u2019s restore your energy and reconnect with balance.<\/span><b aria-hidden=\"true\"><\/b><\/h3><\/div>\n\t\t<\/div>\n\t\t\t\t\t<\/div>\n\n\t\n<\/div>\n\n\t<section class=\"section\" id=\"section_554589942\">\n\t\t<div class=\"section-bg fill\" >\n\t\t\t\t\t\t\t\t\t\n\t\t\t\n\n\t\t<\/div>\n\n\t\t\n\n\t\t<div class=\"section-content relative\">\n\t\t\t\n<span class=\"scroll-to\" data-label=\"Scroll to: #shop_program\" data-bullet=\"false\" data-link=\"#shop_program\" data-title=\"Change this\"><a name=\"shop_program\"><\/a><\/span>\n<div class=\"row\"  id=\"row-1552695945\">\n\n\t<div id=\"col-2126523920\" class=\"col small-12 large-12\"  >\n\t\t\t\t<div class=\"col-inner text-left\"  >\n\t\t\t\n\t\t\t\n\t<div id=\"text-4255894371\" class=\"text\">\n\t\t\n<h2><strong>Buy And Book This Program:<\/strong><\/h2>\n<p>The program displayed is the base for the program. Any custom request will be subject to evaluation.<br \/>\n\t\t\n<style>\n#text-4255894371 {\n  text-align: center;\n}\n<\/style>\n\t<\/div>\n\t\n\n<style>\n.add_to_cart_button {display:none;}\n<\/style>\n\n<div class=\"row align-equal align-center\"  id=\"row-1722261756\">\n\n\t<div id=\"col-1012023761\" class=\"col medium-6 small-12 large-6\"  >\n\t\t\t\t<div class=\"col-inner\" style=\"background-color:rgb(255, 255, 255);\" >\n\t\t\t\n\t\t\t\n\t<div id=\"text-167968505\" class=\"text\">\n\t\t\n<h3>Embodied Resilience &#8211; Program Price<\/h3>\n<p class=\"product woocommerce add_to_cart_inline \" style=\"border:4px solid #ccc; padding: 12px;\"><span class=\"woocommerce-Price-amount amount\"><bdi>6 900,00&nbsp;<span class=\"woocommerce-Price-currencySymbol\">CHF<\/span><\/bdi><\/span><a href=\"\/pt\/wp-json\/wp\/v2\/pages\/3612?add-to-cart=2945\" aria-describedby=\"woocommerce_loop_add_to_cart_link_describedby_2945\" data-quantity=\"1\" class=\"button product_type_simple add_to_cart_button ajax_add_to_cart\" data-product_id=\"2945\" data-product_sku=\"110404\" aria-label=\"Adiciona ao carrinho: &ldquo;Embodied Resilience \u2013 A Somatic Approach to Burnout Recovery &amp; Stress Mastery&rdquo;\" rel=\"nofollow\" data-success_message=\"&ldquo;Embodied Resilience \u2013 A Somatic Approach to Burnout Recovery &amp; Stress Mastery&rdquo; foi adicionado ao seu carrinho\" role=\"button\">Adicionar<\/a>\t<span id=\"woocommerce_loop_add_to_cart_link_describedby_2945\" class=\"screen-reader-text\">\n\t\t\t<\/span>\n<\/p>\n\t\t\n<style>\n#text-167968505 {\n  line-height: 0.75;\n  text-align: center;\n}\n<\/style>\n\t<\/div>\n\t\n<script type=\"text\/javascript\">\n    (function (win, fn) {\n        var done = false, top = true,\n            doc = win.document,\n            root = doc.documentElement,\n            modern = doc.addEventListener,\n            add = modern ? 'addEventListener' : 'attachEvent',\n            rem = modern ? 'removeEventListener' : 'detachEvent',\n            pre = modern ? '' : 'on',\n            init = function (e) {\n                if (e.type == 'readystatechange') if (doc.readyState != 'complete') return;\n                (e.type == 'load' ? win : doc)[rem](pre + e.type, init, false);\n                if (!done) {\n                    done = true;\n                    fn.call(win, e.type || e);\n                }\n            },\n            poll = function () {\n                try {\n                    root.doScroll('left');\n                } catch (e) {\n                    setTimeout(poll, 50);\n                    return;\n                }\n                init('poll');\n            };\n        if (doc.readyState == 'complete') fn.call(win, 'lazy');\n        else {\n            if (!modern) if (root.doScroll) {\n                try {\n                    top = !win.frameElement;\n                } catch (e) {\n                }\n                if (top) poll();\n            }\n            doc[add](pre + 'DOMContentLoaded', init, false);\n            doc[add](pre + 'readystatechange', init, false);\n            win[add](pre + 'load', init, false);\n        }\n    })(window, function () {\n        window.BooklySearchForm.showForm(\"bookly-search-form-Embodied-Resilience \", \"bookly-search-form-Embodied-Resilience -69e657d552c4d\", {\"main_color\":\"#b35f4a\",\"service_card_width\":260,\"service_header_height\":120,\"staff_card_width\":260,\"hide_borders\":false,\"show_book_more\":true,\"show_qr_code\":true,\"show_calendar\":false,\"show_services_filter\":false,\"show_staff_filter\":false,\"show_staff_rating\":false,\"show_timezone\":false,\"show_receipt_on_cart\":true,\"show_receipt_on_payment\":true,\"skip_cart_step\":false,\"use_cart_local_storage\":true,\"default_service\":\"5\",\"default_staff\":\"1\",\"service_card_show_badge\":true,\"package_card_show_badge\":true,\"gift_card_show_badge\":true,\"services_fields_order\":[\"service\",\"duration\",\"price\",\"staff\"],\"services_fields_show\":[\"service\",\"duration\",\"price\"],\"packages_fields_order\":[\"package\",\"service\",\"duration\",\"price\",\"staff\"],\"packages_fields_show\":[\"duration\",\"price\",\"package\"],\"gift_cards_fields_order\":[\"title\",\"price\"],\"gift_cards_fields_show\":[\"title\",\"price\"],\"show_first_slot_only\":false,\"show_gift_cards\":true,\"show_add_to_calendar\":false,\"show_slot_info\":false,\"sell_services\":false,\"sell_gift_cards\":false,\"full_name_required\":true,\"first_name_required\":true,\"last_name_required\":true,\"email_required\":true,\"phone_required\":true,\"address_required\":false,\"birthday_required\":false,\"verify_credentials\":false,\"show_summary_service\":true,\"show_summary_staff\":true,\"show_summary_date\":true,\"show_summary_price\":true,\"show_blocked_slots\":false,\"show_change_date\":false,\"initial_view\":\"form\",\"hidden_services\":[],\"hidden_gift_cards\":[],\"details_fields_order\":[\"text\",\"full_name\",\"first_name\",\"last_name\",\"email\",\"phone\",\"address\",\"notes\",\"birthday\",\"terms\",\"google_maps\",\"custom_fields\"],\"details_fields_width\":{\"text\":12,\"full_name\":12,\"first_name\":6,\"last_name\":6,\"email\":6,\"phone\":6,\"google_maps\":12,\"address\":12,\"notes\":12,\"birthday\":12,\"terms\":12,\"custom_fields\":[]},\"details_fields_show\":[\"text\",\"first_name\",\"last_name\",\"email\",\"phone\",\"custom_fields\"],\"cards_display_mode\":\"with_slots\",\"available_dates\":\"schedule\",\"show_services_mode\":\"no_any\",\"address\":{\"order\":[\"country\",\"state\",\"postcode\",\"city\",\"street\",\"street_number\",\"additional_address\"],\"show\":[\"country\",\"state\",\"postcode\",\"city\",\"street\",\"street_number\",\"additional_address\"],\"labels\":{\"country\":\"Country\",\"state\":\"State\\\/Region\",\"postcode\":\"Postal Code\",\"city\":\"City\",\"street\":\"Street Address\",\"street_number\":\"Street Number\",\"additional_address\":\"Additional Address\"}},\"l10n\":{\"steps\":{\"calendar\":\"Start\",\"extras\":\"Extras\",\"slots\":\"Time\",\"cart\":\"Cart\",\"details\":\"Details\",\"payment\":\"Payment\",\"done\":\"Finish\"},\"steps_descriptions\":{\"calendar\":\"Select service\",\"extras\":\"Add extras\",\"slots\":\"Select time slot\",\"cart\":\"Check cart\",\"details\":\"Your information\",\"payment\":\"Make purchase\",\"done\":\"Done\"},\"address_label\":\"Address\",\"address_placeholders\":{\"country\":\"Country\",\"state\":\"State\\\/Region\",\"postcode\":\"Postal Code\",\"city\":\"City\",\"street\":\"Street Address\",\"street_number\":\"Street Number\",\"additional_address\":\"Additional Address\"},\"notes\":\"Notes\",\"birthday\":\"Birthday\",\"staff\":\"Staff\",\"any_staff\":\"Any\",\"service\":\"Service\",\"gift_card\":\"Gift card\",\"gift_card_title\":\"Gift card\",\"date\":\"Date\",\"time\":\"Time\",\"price\":\"Price\",\"next\":\"Next\",\"back\":\"Back\",\"select_service\":\"Select service\",\"select_staff\":\"Any\",\"book_now\":\"Book now\",\"buy_now\":\"Buy now\",\"book_more\":\"Book more\",\"close\":\"Close\",\"full_name\":\"Full name\",\"full_name_error_required\":\"Required\",\"first_name\":\"First name\",\"first_name_error_required\":\"Required\",\"last_name\":\"Last name\",\"last_name_error_required\":\"Required\",\"email\":\"Email\",\"email_error_required\":\"Required\",\"phone\":\"Phone\",\"phone_error_required\":\"Required\",\"address_field_required\":\"Required\",\"birthday_error_required\":\"Required\",\"no_slots\":\"No time slots available\",\"slot_not_available\":\"Slot already booked\",\"no_results\":\"No results found\",\"nop\":\"Number of persons\",\"booking_success\":\"Thank you!\",\"booking_error\":\"Oops!\",\"booking_completed\":\"Your booking is complete.\",\"order_id\":\"Your order number\",\"gift_card_booking_completed\":\"Your gift card has been created.\",\"processing\":\"Your payment has been accepted for processing.\",\"group_skip_payment\":\"Payment has been skipped.\",\"payment_impossible\":\"No payment methods available. Please contact service provider.\",\"appointments_limit_reached\":\"You are trying to use the service too often. Please contact us to make a booking.\",\"terms_text\":\"I agree to the terms of service\",\"text_calendar\":\"\",\"text_extras\":\"Select the Extras you'd like (Multiple Selection)\",\"text_slots\":\"Click on a time slot to proceed with booking\",\"text_details\":\"Please provide your details in the form below to proceed with the booking\",\"text_payment\":\"Please tell us how you would like to pay\",\"gift_card_label\":\"Gift card\",\"gift_card_button\":\"Apply\",\"gift_card_text\":\"Your gift card code if you have one\",\"gift_card_expired\":\"This gift card has expired\",\"gift_card_invalid\":\"This gift card cannot be used for the current order\",\"gift_card_low_balance\":\"Gift card balance is not enough\",\"gift_card_not_found\":\"Gift card not found\",\"timezone\":\"Your time zone\",\"select_city\":\"Select city\",\"add_to_calendar\":\"Add to calendar\",\"total\":\"Total\",\"sub_total\":\"Subtotal\",\"discount\":\"Discount\",\"to_pay\":\"Amount to pay\",\"verify_code\":\"Verification code\",\"verify_email\":\"Enter verification code from email\",\"verify_phone\":\"Enter verification code from SMS\",\"verify_resend\":\"Resend code\",\"verify_apply\":\"Apply\",\"verify_code_incorrect\":\"Incorrect verification code\",\"cart_item_not_available\":\"The selected time is not available anymore\",\"initial_view_button_title\":\"View\",\"package\":\"Package\",\"package_booking_completed\":\"Your package has been created.\",\"summary\":\"Summary\"},\"type\":\"search-form\",\"sell_packages\":true,\"hidden_packages\":[],\"show_extras_price\":true,\"show_extras_summary\":true,\"categories_any\":false,\"services_any\":false,\"staff_any\":false,\"events_any\":false,\"name\":\"Embodied Resilience - 8 sessions\",\"custom_css\":\"\",\"token\":\"Embodied-Resilience \"});\n    });\n    var ajaxurl = \"https:\/\/helderplacidosantos.com\/wp-admin\/admin-ajax.php\";\n<\/script>\n<style>\n    .bookly-search-form-Embodied-Resilience -69e657d552c4d {\n        --bookly-color: #b35f4a;\n    }\n\n    :root {\n        --bookly-flags-url: url(https:\/\/helderplacidosantos.com\/wp-content\/plugins\/bookly-responsive-appointment-booking-tool\/frontend\/resources\/images\/flags.png);\n        --bookly-flags2x-url: url(https:\/\/helderplacidosantos.com\/wp-content\/plugins\/bookly-responsive-appointment-booking-tool\/frontend\/resources\/images\/flags@2x.png);\n        --rtl-phone-align: left;\n    }\n<\/style>\n<div id=\"bookly-search-form-Embodied-Resilience -69e657d552c4d\" class=\"bookly-search-form-container\"><\/div>\n<p>After buying you will have the Session List available in \u201c<a href=\"https:\/\/helderplacidosantos.com\/my-account\/\"><u>My Account<\/u><\/a>\u201c, under \u201c<a href=\"https:\/\/helderplacidosantos.com\/packages-list\/\"><u>Book Packages<\/u><\/a>\u201d to book all the 8 sessions of the program.<\/p>\n<p>You must schedule all sessions within 90 days of purchase.<\/p>\n\t\t<\/div>\n\t\t\t\t\n<style>\n#col-1012023761 > .col-inner {\n  padding: 25px 20px 25px 20px;\n}\n<\/style>\n\t<\/div>\n\n\t\n<\/div>\n\t\t<\/div>\n\t\t\t\t\t<\/div>\n\n\t\n\n<style>\n#row-1552695945 > .col > .col-inner {\n  padding: 40px 40px 40px 40px;\n  background-color: #f0efeb;\n}\n<\/style>\n<\/div>\n\t\t<\/div>\n\n\t\t\n<style>\n#section_554589942 {\n  padding-top: 30px;\n  padding-bottom: 30px;\n}\n<\/style>\n\t<\/section>\n\t\n<div class=\"text-center\"><div class=\"is-divider divider clearfix\" style=\"max-width:80%;height:1px;\"><\/div><\/div>\n","protected":false},"excerpt":{"rendered":"","protected":false},"author":1,"featured_media":3416,"parent":3228,"menu_order":0,"comment_status":"closed","ping_status":"closed","template":"page-blank.php","meta":{"footnotes":""},"class_list":["post-3612","page","type-page","status-publish","has-post-thumbnail","hentry"],"_links":{"self":[{"href":"https:\/\/helderplacidosantos.com\/pt\/wp-json\/wp\/v2\/pages\/3612","targetHints":{"allow":["GET"]}}],"collection":[{"href":"https:\/\/helderplacidosantos.com\/pt\/wp-json\/wp\/v2\/pages"}],"about":[{"href":"https:\/\/helderplacidosantos.com\/pt\/wp-json\/wp\/v2\/types\/page"}],"author":[{"embeddable":true,"href":"https:\/\/helderplacidosantos.com\/pt\/wp-json\/wp\/v2\/users\/1"}],"replies":[{"embeddable":true,"href":"https:\/\/helderplacidosantos.com\/pt\/wp-json\/wp\/v2\/comments?post=3612"}],"version-history":[{"count":5,"href":"https:\/\/helderplacidosantos.com\/pt\/wp-json\/wp\/v2\/pages\/3612\/revisions"}],"predecessor-version":[{"id":3849,"href":"https:\/\/helderplacidosantos.com\/pt\/wp-json\/wp\/v2\/pages\/3612\/revisions\/3849"}],"up":[{"embeddable":true,"href":"https:\/\/helderplacidosantos.com\/pt\/wp-json\/wp\/v2\/pages\/3228"}],"wp:featuredmedia":[{"embeddable":true,"href":"https:\/\/helderplacidosantos.com\/pt\/wp-json\/wp\/v2\/media\/3416"}],"wp:attachment":[{"href":"https:\/\/helderplacidosantos.com\/pt\/wp-json\/wp\/v2\/media?parent=3612"}],"curies":[{"name":"wp","href":"https:\/\/api.w.org\/{rel}","templated":true}]}}