{"id":2944,"date":"2025-07-06T01:14:01","date_gmt":"2025-07-06T00:14:01","guid":{"rendered":"https:\/\/helderplacidosantos.com\/product\/the-executive-reset-intensive-burnout-recovery-performance-restoration\/"},"modified":"2026-01-16T01:56:33","modified_gmt":"2026-01-16T00:56:33","slug":"the-executive-reset-intensive-burnout-recovery-performance-restoration","status":"publish","type":"product","link":"https:\/\/helderplacidosantos.com\/pt\/product\/the-executive-reset-intensive-burnout-recovery-performance-restoration\/","title":{"rendered":"O Programa de Rein\u00edcio Executivo \u2013 Recupera\u00e7\u00e3o Intensiva da S\u00edndrome de Burnout e Restaura\u00e7\u00e3o do Desempenho"},"content":{"rendered":"<p>Using cutting-edge burnout science, somatic regulation, and performance psychology, this program helps rewire stress responses, replenish energy, and create a sustainable work-life flow.<\/p>\n\n\t<section class=\"section dark\" id=\"section_535668197\">\n\t\t<div class=\"section-bg fill\" >\n\t\t\t\t\t\t\t\t\t\n\t\t\t\n\n\t\t<\/div>\n\n\t\t\n\n\t\t<div class=\"section-content relative\">\n\t\t\t\n<div class=\"row align-middle align-center\"  id=\"row-105252426\">\n\n\t<div id=\"col-185418539\" class=\"col small-12 large-12\"  >\n\t\t\t\t<div class=\"col-inner\"  >\n\t\t\t\n\t\t\t\n<h3><strong>O que voc\u00ea ganhar\u00e1:<\/strong><\/h3>\n<ol>\n<li><strong>Rewire Your Nervous System for Resilience<\/strong> \u2013 Learn somatic regulation, breathwork, and stress-recovery techniques to prevent burnout cycles.<\/li>\n<li><strong>Restore Mental Clarity &amp; Performance<\/strong> \u2013 Implement\u00a0cognitive reframing and neuropsychological strategies for focus and decision-making.<\/li>\n<li><strong>Redefine Success on Your Terms<\/strong> \u2013 Reconnect with your purpose, relationships, and personal well-being while maintaining high performance.<\/li>\n<\/ol>\n\t\t<\/div>\n\t\t\t\t\t<\/div>\n\n\t\n<\/div>\n\t\t<\/div>\n\n\t\t\n<style>\n#section_535668197 {\n  padding-top: 30px;\n  padding-bottom: 30px;\n  background-color: #8d8d8d;\n}\n<\/style>\n\t<\/section>\n\t\n\t<div id=\"gap-1931157446\" class=\"gap-element clearfix\" style=\"display:block; height:auto;\">\n\t\t\n<style>\n#gap-1931157446 {\n  padding-top: 30px;\n}\n<\/style>\n\t<\/div>\n\t\n\n\t<section class=\"section\" id=\"section_2060422205\">\n\t\t<div class=\"section-bg fill\" >\n\t\t\t\t\t\t\t\t\t\n\t\t\t\n\n\t\t<\/div>\n\n\t\t\n\n\t\t<div class=\"section-content relative\">\n\t\t\t\n<div class=\"row\"  id=\"row-362779444\">\n\n\t<div id=\"col-1078680748\" class=\"col small-12 large-12\"  >\n\t\t\t\t<div class=\"col-inner\"  >\n\t\t\t\n\t\t\t\n<h3><strong>Como funciona:<\/strong><\/h3>\n<ul>\n<li><strong>Understanding Burnout &amp; Your Unique Stress Blueprint<\/strong><br \/>\nWe begin with a personalized assessment of stress patterns, emotional exhaustion, and nervous system responses using evidence-based psychological tools.<\/li>\n<li><strong>Somatic Burnout Recovery &amp; Mental Rewiring<\/strong><br \/>\nThrough biofeedback, bodywork, and guided breathwork, we train your nervous system to shift from chronic stress to restoration mode.<\/li>\n<li><strong>Cognitive &amp; Emotional Resilience Training<\/strong><br \/>\nUsing CBT, mindfulness, and stress-resilience coaching, we reframe limiting beliefs around work, success, and energy management.<\/li>\n<li><strong>Sustainable Success &amp; Long-Term Burnout Prevention<\/strong><br \/>\nWe develop a personalized strategy for long-term well-being, integrating work-life alignment, relationship recovery, and peak performance strategies.<\/li>\n<\/ul>\n\t\t<\/div>\n\t\t\t\t\t<\/div>\n\n\t\n<\/div>\n\t\t<\/div>\n\n\t\t\n<style>\n#section_2060422205 {\n  padding-top: 30px;\n  padding-bottom: 30px;\n  background-color: #f0efeb;\n}\n<\/style>\n\t<\/section>\n\t\n<div class=\"row align-center\"  id=\"row-1396342548\">\n\n\t<div id=\"col-1624266518\" class=\"col medium-9 small-12 large-9\"  >\n\t\t\t\t<div class=\"col-inner text-center\"  >\n\t\t\t\n\t\t\t\n<div class=\"container section-title-container\" ><h3 class=\"section-title section-title-center\"><b aria-hidden=\"true\"><\/b><span class=\"section-title-main\" >True success includes well-being. Let\u2019s reset, refocus, and restore your energy\u2014without sacrificing performance.<\/span><b aria-hidden=\"true\"><\/b><\/h3><\/div>\n\t\t<\/div>\n\t\t\t\t\t<\/div>\n\n\t\n<\/div>","protected":false},"excerpt":{"rendered":"<p>When relentless ambition meets exhaustion, the body and mind signal the need for change. This intensive burnout recovery program is designed for high-performing professionals who feel mentally drained, emotionally disconnected, or physically exhausted.<\/p>\n<p><strong>Para profissionais de alto desempenho que precisam romper o ciclo de esgotamento e restaurar a clareza mental.<\/strong><\/p>","protected":false},"featured_media":3396,"comment_status":"closed","ping_status":"closed","template":"","meta":[],"product_brand":[],"product_cat":[32],"product_tag":[35],"class_list":{"0":"post-2944","1":"product","2":"type-product","3":"status-publish","4":"has-post-thumbnail","6":"product_cat-workplace-relationship-dynamics-well-being","7":"product_tag-program","9":"first","10":"instock","11":"virtual","12":"purchasable","13":"product-type-simple"},"_links":{"self":[{"href":"https:\/\/helderplacidosantos.com\/pt\/wp-json\/wp\/v2\/product\/2944","targetHints":{"allow":["GET"]}}],"collection":[{"href":"https:\/\/helderplacidosantos.com\/pt\/wp-json\/wp\/v2\/product"}],"about":[{"href":"https:\/\/helderplacidosantos.com\/pt\/wp-json\/wp\/v2\/types\/product"}],"replies":[{"embeddable":true,"href":"https:\/\/helderplacidosantos.com\/pt\/wp-json\/wp\/v2\/comments?post=2944"}],"wp:featuredmedia":[{"embeddable":true,"href":"https:\/\/helderplacidosantos.com\/pt\/wp-json\/wp\/v2\/media\/3396"}],"wp:attachment":[{"href":"https:\/\/helderplacidosantos.com\/pt\/wp-json\/wp\/v2\/media?parent=2944"}],"wp:term":[{"taxonomy":"product_brand","embeddable":true,"href":"https:\/\/helderplacidosantos.com\/pt\/wp-json\/wp\/v2\/product_brand?post=2944"},{"taxonomy":"product_cat","embeddable":true,"href":"https:\/\/helderplacidosantos.com\/pt\/wp-json\/wp\/v2\/product_cat?post=2944"},{"taxonomy":"product_tag","embeddable":true,"href":"https:\/\/helderplacidosantos.com\/pt\/wp-json\/wp\/v2\/product_tag?post=2944"}],"curies":[{"name":"wp","href":"https:\/\/api.w.org\/{rel}","templated":true}]}}