{"id":2945,"date":"2025-07-06T01:14:01","date_gmt":"2025-07-06T00:14:01","guid":{"rendered":"https:\/\/helderplacidosantos.com\/product\/embodied-resilience-a-somatic-approach-to-burnout-recovery-stress-mastery\/"},"modified":"2026-01-16T01:56:42","modified_gmt":"2026-01-16T00:56:42","slug":"embodied-resilience-a-somatic-approach-to-burnout-recovery-stress-mastery","status":"publish","type":"product","link":"https:\/\/helderplacidosantos.com\/pt\/product\/embodied-resilience-a-somatic-approach-to-burnout-recovery-stress-mastery\/","title":{"rendered":"Resili\u00eancia Corporal \u2013 Uma Abordagem Som\u00e1tica para a Recupera\u00e7\u00e3o da S\u00edndrome de Burnout e o Dom\u00ednio do Estresse"},"content":{"rendered":"<p>This\u00a0somatic-centered burnout recovery program combines bodywork, trauma-informed movement, and stress-recovery practices to help you release stored stress, restore energy, and rebuild your relationship with your body.<\/p>\n\n\t<section class=\"section dark\" id=\"section_707115395\">\n\t\t<div class=\"section-bg fill\" >\n\t\t\t\t\t\t\t\t\t\n\t\t\t\n\n\t\t<\/div>\n\n\t\t\n\n\t\t<div class=\"section-content relative\">\n\t\t\t\n<div class=\"row align-middle align-center\"  id=\"row-1455901919\">\n\n\t<div id=\"col-1351292645\" class=\"col small-12 large-12\"  >\n\t\t\t\t<div class=\"col-inner\"  >\n\t\t\t\n\t\t\t\n<h3><strong>O que voc\u00ea ganhar\u00e1:<\/strong><\/h3>\n<ol>\n<li><strong>Recalibrate Your Nervous System<\/strong> \u2013 Shift from chronic fight-or-flight to a state of balance through somatic regulation techniques.<\/li>\n<li><strong>Restore Energy &amp; Reduce Physical Tension<\/strong> \u2013 Use body-based practices, guided movement, and breathwork to release stress trapped in the body.<\/li>\n<li><strong>Develop a Mindful, Sustainable Work-Life Connection<\/strong> \u2013 Learn how to maintain resilience and energy without overextending yourself.<\/li>\n<\/ol>\n\t\t<\/div>\n\t\t\t\t\t<\/div>\n\n\t\n<\/div>\n\t\t<\/div>\n\n\t\t\n<style>\n#section_707115395 {\n  padding-top: 30px;\n  padding-bottom: 30px;\n  background-color: #8d8d8d;\n}\n<\/style>\n\t<\/section>\n\t\n\t<div id=\"gap-325403915\" class=\"gap-element clearfix\" style=\"display:block; height:auto;\">\n\t\t\n<style>\n#gap-325403915 {\n  padding-top: 30px;\n}\n<\/style>\n\t<\/div>\n\t\n\n\t<section class=\"section\" id=\"section_886509983\">\n\t\t<div class=\"section-bg fill\" >\n\t\t\t\t\t\t\t\t\t\n\t\t\t\n\n\t\t<\/div>\n\n\t\t\n\n\t\t<div class=\"section-content relative\">\n\t\t\t\n<div class=\"row\"  id=\"row-837747078\">\n\n\t<div id=\"col-14083952\" class=\"col small-12 large-12\"  >\n\t\t\t\t<div class=\"col-inner\"  >\n\t\t\t\n\t\t\t\n<h3><strong>Como funciona:<\/strong><\/h3>\n<ul>\n<li><strong>The Body\u2019s Stress Patterns &amp; Somatic Awareness<\/strong><br \/>\nWe identify where stress manifests in your body and introduce self-regulation tools for immediate relief.<\/li>\n<li><strong>Somatic Release &amp; Breathwork for Stress Recovery<\/strong><br \/>\nUsing polyvagal-informed techniques, bodywork, and guided movement, we reset your nervous system and deepen body awareness.<\/li>\n<li><strong>Emotional Integration &amp; Mindfulness-Based Resilience<\/strong><br \/>\nWe integrate mindfulness, movement-based coaching, and body-based techniques to create stress mastery habits.<\/li>\n<li><strong>Long-Term Somatic Resilience &amp; Work-Life Harmony<\/strong><br \/>\nWe develop a customized stress-prevention plan, blending daily somatic rituals, work-life integration, and emotional balance strategies.<\/li>\n<\/ul>\n\t\t<\/div>\n\t\t\t\t\t<\/div>\n\n\t\n<\/div>\n\t\t<\/div>\n\n\t\t\n<style>\n#section_886509983 {\n  padding-top: 30px;\n  padding-bottom: 30px;\n  background-color: #f0efeb;\n}\n<\/style>\n\t<\/section>\n\t\n<div class=\"row align-center\"  id=\"row-432514023\">\n\n\t<div id=\"col-1360307605\" class=\"col medium-9 small-12 large-9\"  >\n\t\t\t\t<div class=\"col-inner text-center\"  >\n\t\t\t\n\t\t\t\n<div class=\"container section-title-container\" ><h3 class=\"section-title section-title-center\"><b aria-hidden=\"true\"><\/b><span class=\"section-title-main\" >Your body holds the key to stress recovery. Let\u2019s restore your energy and reconnect with balance.<\/span><b aria-hidden=\"true\"><\/b><\/h3><\/div>\n\t\t<\/div>\n\t\t\t\t\t<\/div>\n\n\t\n<\/div>","protected":false},"excerpt":{"rendered":"<p>Burnout isn\u2019t just mental\u2014it\u2019s stored in the body. Chronic stress, exhaustion, and emotional depletion manifest as tension, insomnia, digestive issues, and nervous system dysregulation.<\/p>\n<p><strong>For Professionals Who Want to Reconnect with Their Bodies &amp; Restore Energy Through Mindful Practices<\/strong><\/p>","protected":false},"featured_media":3416,"comment_status":"closed","ping_status":"closed","template":"","meta":[],"product_brand":[],"product_cat":[32],"product_tag":[35],"class_list":{"0":"post-2945","1":"product","2":"type-product","3":"status-publish","4":"has-post-thumbnail","6":"product_cat-workplace-relationship-dynamics-well-being","7":"product_tag-program","9":"first","10":"instock","11":"virtual","12":"purchasable","13":"product-type-simple"},"_links":{"self":[{"href":"https:\/\/helderplacidosantos.com\/pt\/wp-json\/wp\/v2\/product\/2945","targetHints":{"allow":["GET"]}}],"collection":[{"href":"https:\/\/helderplacidosantos.com\/pt\/wp-json\/wp\/v2\/product"}],"about":[{"href":"https:\/\/helderplacidosantos.com\/pt\/wp-json\/wp\/v2\/types\/product"}],"replies":[{"embeddable":true,"href":"https:\/\/helderplacidosantos.com\/pt\/wp-json\/wp\/v2\/comments?post=2945"}],"wp:featuredmedia":[{"embeddable":true,"href":"https:\/\/helderplacidosantos.com\/pt\/wp-json\/wp\/v2\/media\/3416"}],"wp:attachment":[{"href":"https:\/\/helderplacidosantos.com\/pt\/wp-json\/wp\/v2\/media?parent=2945"}],"wp:term":[{"taxonomy":"product_brand","embeddable":true,"href":"https:\/\/helderplacidosantos.com\/pt\/wp-json\/wp\/v2\/product_brand?post=2945"},{"taxonomy":"product_cat","embeddable":true,"href":"https:\/\/helderplacidosantos.com\/pt\/wp-json\/wp\/v2\/product_cat?post=2945"},{"taxonomy":"product_tag","embeddable":true,"href":"https:\/\/helderplacidosantos.com\/pt\/wp-json\/wp\/v2\/product_tag?post=2945"}],"curies":[{"name":"wp","href":"https:\/\/api.w.org\/{rel}","templated":true}]}}