{"id":2946,"date":"2025-07-06T01:14:01","date_gmt":"2025-07-06T00:14:01","guid":{"rendered":"https:\/\/helderplacidosantos.com\/product\/leadership-emotional-mastery-preventing-burnout-while-leading-with-strength\/"},"modified":"2026-01-16T01:56:52","modified_gmt":"2026-01-16T00:56:52","slug":"leadership-emotional-mastery-preventing-burnout-while-leading-with-strength","status":"publish","type":"product","link":"https:\/\/helderplacidosantos.com\/pt\/product\/leadership-emotional-mastery-preventing-burnout-while-leading-with-strength\/","title":{"rendered":"Lideran\u00e7a e Dom\u00ednio Emocional \u2013 Prevenindo a S\u00edndrome de Burnout ao Liderar com For\u00e7a"},"content":{"rendered":"<p>Esta jornada de coaching foi criada para ajud\u00e1-lo(a) a superar cren\u00e7as limitantes, obter clareza profunda e realinhar seus relacionamentos e prop\u00f3sito. A pr\u00f3pria ascens\u00e3o \u00e9 uma met\u00e1fora \u2014 cada passo reflete o trabalho interno necess\u00e1rio para remover obst\u00e1culos, romper padr\u00f5es e alcan\u00e7ar uma nova perspectiva de autoconhecimento e conex\u00e3o.<\/p>\n\n\t<section class=\"section dark\" id=\"section_522942959\">\n\t\t<div class=\"section-bg fill\" >\n\t\t\t\t\t\t\t\t\t\n\t\t\t\n\n\t\t<\/div>\n\n\t\t\n\n\t\t<div class=\"section-content relative\">\n\t\t\t\n<div class=\"row align-middle align-center\"  id=\"row-1828356916\">\n\n\t<div id=\"col-377200071\" class=\"col small-12 large-12\"  >\n\t\t\t\t<div class=\"col-inner\"  >\n\t\t\t\n\t\t\t\n<h3><strong>O que voc\u00ea ganhar\u00e1:<\/strong><\/h3>\n<ol>\n<li><strong>Emotional Intelligence for Leadership Resilience<\/strong> \u2013 Learn to regulate stress, maintain emotional balance, and lead from a place of strength.<\/li>\n<li><strong>Strategic Burnout Prevention &amp; High-Performance Mindset<\/strong> \u2013 Implement cutting-edge neuroscience-based strategies to sustain energy, creativity, and focus.<\/li>\n<li><strong>Redefine Leadership Without Burnout<\/strong> \u2013 Develop a personalized leadership approach that integrates well-being with professional success.<\/li>\n<\/ol>\n\t\t<\/div>\n\t\t\t\t\t<\/div>\n\n\t\n<\/div>\n\t\t<\/div>\n\n\t\t\n<style>\n#section_522942959 {\n  padding-top: 30px;\n  padding-bottom: 30px;\n  background-color: #8d8d8d;\n}\n<\/style>\n\t<\/section>\n\t\n\t<div id=\"gap-1167252244\" class=\"gap-element clearfix\" style=\"display:block; height:auto;\">\n\t\t\n<style>\n#gap-1167252244 {\n  padding-top: 30px;\n}\n<\/style>\n\t<\/div>\n\t\n\n\t<section class=\"section\" id=\"section_331709918\">\n\t\t<div class=\"section-bg fill\" >\n\t\t\t\t\t\t\t\t\t\n\t\t\t\n\n\t\t<\/div>\n\n\t\t\n\n\t\t<div class=\"section-content relative\">\n\t\t\t\n<div class=\"row\"  id=\"row-1418381698\">\n\n\t<div id=\"col-1262868447\" class=\"col small-12 large-12\"  >\n\t\t\t\t<div class=\"col-inner\"  >\n\t\t\t\n\t\t\t\n<h3><strong>Como funciona:<\/strong><\/h3>\n<ul>\n<li><strong>The Science of Leadership Stress &amp; Energy Management<\/strong><br \/>\nWe assess burnout risk factors, stress triggers, and leadership resilience using psychological and performance-based evaluations.<\/li>\n<li><strong>Cognitive &amp; Emotional Resilience for Decision-Making<\/strong><br \/>\nLearn how to rewire thought patterns for high-pressure decision-making, using CBT, mindfulness, and stress-resilience techniques.<\/li>\n<li><strong>Leadership Boundaries &amp; Emotional Intelligence<\/strong><br \/>\nExplore how to set sustainable boundaries, navigate team dynamics, and lead with emotional clarity.<\/li>\n<li><strong>Sustainable Leadership &amp; Long-Term Well-Being Strategy<\/strong><br \/>\nDevelop a personalized high-performance strategy, integrating neuroscience, emotional intelligence, and stress prevention techniques.<\/li>\n<\/ul>\n\t\t<\/div>\n\t\t\t\t\t<\/div>\n\n\t\n<\/div>\n\t\t<\/div>\n\n\t\t\n<style>\n#section_331709918 {\n  padding-top: 30px;\n  padding-bottom: 30px;\n  background-color: #f0efeb;\n}\n<\/style>\n\t<\/section>\n\t\n<div class=\"row align-center\"  id=\"row-1836485069\">\n\n\t<div id=\"col-1538010716\" class=\"col medium-9 small-12 large-9\"  >\n\t\t\t\t<div class=\"col-inner text-center\"  >\n\t\t\t\n\t\t\t\n<div class=\"container section-title-container\" ><h3 class=\"section-title section-title-center\"><b aria-hidden=\"true\"><\/b><span class=\"section-title-main\" >Leadership doesn\u2019t have to come at the cost of your well-being. Let\u2019s build resilience for a thriving future.<\/span><b aria-hidden=\"true\"><\/b><\/h3><\/div>\n\t\t<\/div>\n\t\t\t\t\t<\/div>\n\n\t\n<\/div>","protected":false},"excerpt":{"rendered":"<p>Leadership comes with pressure. The weight of decision-making, responsibility, and high-stakes environments often leads to burnout, emotional exhaustion, and self-sacrifice.<\/p>\n<p><strong>For Leaders, Entrepreneurs &amp; Founders Seeking to Balance Well-Being &amp; High Performance<\/strong><\/p>","protected":false},"featured_media":3383,"comment_status":"closed","ping_status":"closed","template":"","meta":[],"product_brand":[],"product_cat":[32],"product_tag":[35],"class_list":{"0":"post-2946","1":"product","2":"type-product","3":"status-publish","4":"has-post-thumbnail","6":"product_cat-workplace-relationship-dynamics-well-being","7":"product_tag-program","9":"first","10":"instock","11":"virtual","12":"purchasable","13":"product-type-simple"},"_links":{"self":[{"href":"https:\/\/helderplacidosantos.com\/pt\/wp-json\/wp\/v2\/product\/2946","targetHints":{"allow":["GET"]}}],"collection":[{"href":"https:\/\/helderplacidosantos.com\/pt\/wp-json\/wp\/v2\/product"}],"about":[{"href":"https:\/\/helderplacidosantos.com\/pt\/wp-json\/wp\/v2\/types\/product"}],"replies":[{"embeddable":true,"href":"https:\/\/helderplacidosantos.com\/pt\/wp-json\/wp\/v2\/comments?post=2946"}],"wp:featuredmedia":[{"embeddable":true,"href":"https:\/\/helderplacidosantos.com\/pt\/wp-json\/wp\/v2\/media\/3383"}],"wp:attachment":[{"href":"https:\/\/helderplacidosantos.com\/pt\/wp-json\/wp\/v2\/media?parent=2946"}],"wp:term":[{"taxonomy":"product_brand","embeddable":true,"href":"https:\/\/helderplacidosantos.com\/pt\/wp-json\/wp\/v2\/product_brand?post=2946"},{"taxonomy":"product_cat","embeddable":true,"href":"https:\/\/helderplacidosantos.com\/pt\/wp-json\/wp\/v2\/product_cat?post=2946"},{"taxonomy":"product_tag","embeddable":true,"href":"https:\/\/helderplacidosantos.com\/pt\/wp-json\/wp\/v2\/product_tag?post=2946"}],"curies":[{"name":"wp","href":"https:\/\/api.w.org\/{rel}","templated":true}]}}