{"id":2947,"date":"2025-07-06T01:14:01","date_gmt":"2025-07-06T00:14:01","guid":{"rendered":"https:\/\/helderplacidosantos.com\/product\/summit-alignment-gain-clarity-in-your-relationships-life-direction\/"},"modified":"2026-01-16T01:57:00","modified_gmt":"2026-01-16T00:57:00","slug":"alinhamento-estrategico-obtenha-clareza-em-seus-relacionamentos-e-na-direcao-de-sua-vida","status":"publish","type":"product","link":"https:\/\/helderplacidosantos.com\/pt\/product\/summit-alignment-gain-clarity-in-your-relationships-life-direction\/","title":{"rendered":"Alinhamento Estrat\u00e9gico \u2013 Obtenha Clareza em Seus Relacionamentos e Dire\u00e7\u00e3o de Vida"},"content":{"rendered":"<p>Esta jornada de coaching foi criada para ajud\u00e1-lo(a) a superar cren\u00e7as limitantes, obter clareza profunda e realinhar seus relacionamentos e prop\u00f3sito. A pr\u00f3pria ascens\u00e3o \u00e9 uma met\u00e1fora \u2014 cada passo reflete o trabalho interno necess\u00e1rio para remover obst\u00e1culos, romper padr\u00f5es e alcan\u00e7ar uma nova perspectiva de autoconhecimento e conex\u00e3o.<\/p>\n\n\t<section class=\"section dark\" id=\"section_1208097499\">\n\t\t<div class=\"section-bg fill\" >\n\t\t\t\t\t\t\t\t\t\n\t\t\t\n\n\t\t<\/div>\n\n\t\t\n\n\t\t<div class=\"section-content relative\">\n\t\t\t\n<div class=\"row align-middle align-center\"  id=\"row-473208832\">\n\n\t<div id=\"col-1642950226\" class=\"col small-12 large-12\"  >\n\t\t\t\t<div class=\"col-inner\"  >\n\t\t\t\n\t\t\t\n<h3><strong>O que voc\u00ea ganhar\u00e1:<\/strong><\/h3>\n<ol>\n<li><strong>Supere os bloqueios mentais<\/strong> \u2013 A ascens\u00e3o f\u00edsica reflete sua jornada de crescimento pessoal ou relacional, ajudando voc\u00ea a superar a inseguran\u00e7a, a indecis\u00e3o e as cren\u00e7as limitantes.<\/li>\n<li><strong>Aproveite o pensamento estrat\u00e9gico.<\/strong> \u2013 Paisagens extensas estimulam a resolu\u00e7\u00e3o criativa de problemas e a consci\u00eancia estrat\u00e9gica, permitindo clareza nos relacionamentos, na carreira e na dire\u00e7\u00e3o pessoal.<\/li>\n<li><strong>Fortalecer a resist\u00eancia emocional e a autolideran\u00e7a.<\/strong> \u2013 Navigating elevation and terrain challenges teaches resilience, perseverance, and trust in your ability to navigate complex situations<\/li>\n<\/ol>\n\t\t<\/div>\n\t\t\t\t\t<\/div>\n\n\t\n<\/div>\n\t\t<\/div>\n\n\t\t\n<style>\n#section_1208097499 {\n  padding-top: 30px;\n  padding-bottom: 30px;\n  background-color: #8d8d8d;\n}\n<\/style>\n\t<\/section>\n\t\n\t<div id=\"gap-1793695277\" class=\"gap-element clearfix\" style=\"display:block; height:auto;\">\n\t\t\n<style>\n#gap-1793695277 {\n  padding-top: 30px;\n}\n<\/style>\n\t<\/div>\n\t\n\n\t<section class=\"section\" id=\"section_1656810524\">\n\t\t<div class=\"section-bg fill\" >\n\t\t\t\t\t\t\t\t\t\n\t\t\t\n\n\t\t<\/div>\n\n\t\t\n\n\t\t<div class=\"section-content relative\">\n\t\t\t\n<div class=\"row\"  id=\"row-2014601355\">\n\n\t<div id=\"col-1162893750\" class=\"col small-12 large-12\"  >\n\t\t\t\t<div class=\"col-inner\"  >\n\t\t\t\n\t\t\t\n<h3><strong>Como funciona:<\/strong><\/h3>\n<ul>\n<li><strong>Basecamp: Definindo Inten\u00e7\u00f5es e Identificando Seu Cume<\/strong><br \/>\nAntes da ascens\u00e3o, definimos sua inten\u00e7\u00e3o: que clareza voc\u00ea busca em seus relacionamentos, carreira ou mundo interior? Usando o modelo GROW, definimos onde voc\u00ea est\u00e1 (Realidade), onde voc\u00ea quer chegar (Objetivo), o que est\u00e1 no seu caminho (Op\u00e7\u00f5es) e como avan\u00e7ar (Vontade).<\/li>\n<li><strong>\u00a0A Ascens\u00e3o: Superando Barreiras Mentais e Emocionais<\/strong><br \/>\n\u00c0 medida que escalamos, praticamos o coaching em movimento, utilizando t\u00e9cnicas som\u00e1ticas e de reformula\u00e7\u00e3o baseadas em PNL para mudar perspectivas, quebrar cren\u00e7as limitantes e construir resili\u00eancia emocional.<\/li>\n<li><strong>A C\u00fapula: Pensamento Abrangente e Vis\u00e3o de Futuro<\/strong><br \/>\nNo \u00e1pice, nos dedicamos \u00e0 reflex\u00e3o profunda, aproveitando o poder da flexibilidade cognitiva e da consci\u00eancia estrat\u00e9gica para obter uma vis\u00e3o abrangente de seus desafios e relacionamentos. Exerc\u00edcios de respira\u00e7\u00e3o e visualiza\u00e7\u00e3o ajudam a integrar essas percep\u00e7\u00f5es em a\u00e7\u00f5es concretas.<\/li>\n<li><strong>A Descida: Integra\u00e7\u00e3o e Crescimento Sustent\u00e1vel<\/strong><br \/>\nCom uma perspectiva renovada, a descida se torna um momento para planejamento estruturado e comprometimento. Criamos um roteiro pr\u00e1tico \u2014 um guia para manter a clareza, implementar mudan\u00e7as e promover uma transforma\u00e7\u00e3o a longo prazo.<\/li>\n<\/ul>\n\t\t<\/div>\n\t\t\t\t\t<\/div>\n\n\t\n<\/div>\n\t\t<\/div>\n\n\t\t\n<style>\n#section_1656810524 {\n  padding-top: 30px;\n  padding-bottom: 30px;\n  background-color: #f0efeb;\n}\n<\/style>\n\t<\/section>\n\t\n<div class=\"row align-center\"  id=\"row-1131421598\">\n\n\t<div id=\"col-1423487180\" class=\"col medium-9 small-12 large-9\"  >\n\t\t\t\t<div class=\"col-inner text-center\"  >\n\t\t\t\n\t\t\t\n<div class=\"container section-title-container\" ><h3 class=\"section-title section-title-center\"><b aria-hidden=\"true\"><\/b><span class=\"section-title-main\" >A clareza n\u00e3o se encontra no ru\u00eddo \u2014 ela se revela na quietude das alturas. Vamos alcan\u00e7ar novas perspectivas juntos.<\/span><b aria-hidden=\"true\"><\/b><\/h3><\/div>\n\t\t<\/div>\n\t\t\t\t\t<\/div>\n\n\t\n<\/div>","protected":false},"excerpt":{"rendered":"<p>A montanha atrai aqueles que buscam clareza. Aqui, na imensid\u00e3o das paisagens de alta altitude, onde o ar \u00e9 puro e o horizonte se estende al\u00e9m do alcance da vista, voc\u00ea encontrar\u00e1 o espa\u00e7o para enxergar sua vida e seus relacionamentos sob uma nova perspectiva.<\/p>\n<p><strong>Para indiv\u00edduos e casais que buscam autoconhecimento e prop\u00f3sito em seus relacionamentos.<\/strong><\/p>","protected":false},"featured_media":3386,"comment_status":"closed","ping_status":"closed","template":"","meta":[],"product_brand":[],"product_cat":[30],"product_tag":[35],"class_list":{"0":"post-2947","1":"product","2":"type-product","3":"status-publish","4":"has-post-thumbnail","6":"product_cat-relational-outdoor-coaching-labs-growth-in-motion","7":"product_tag-program","9":"first","10":"instock","11":"virtual","12":"purchasable","13":"product-type-simple"},"_links":{"self":[{"href":"https:\/\/helderplacidosantos.com\/pt\/wp-json\/wp\/v2\/product\/2947","targetHints":{"allow":["GET"]}}],"collection":[{"href":"https:\/\/helderplacidosantos.com\/pt\/wp-json\/wp\/v2\/product"}],"about":[{"href":"https:\/\/helderplacidosantos.com\/pt\/wp-json\/wp\/v2\/types\/product"}],"replies":[{"embeddable":true,"href":"https:\/\/helderplacidosantos.com\/pt\/wp-json\/wp\/v2\/comments?post=2947"}],"wp:featuredmedia":[{"embeddable":true,"href":"https:\/\/helderplacidosantos.com\/pt\/wp-json\/wp\/v2\/media\/3386"}],"wp:attachment":[{"href":"https:\/\/helderplacidosantos.com\/pt\/wp-json\/wp\/v2\/media?parent=2947"}],"wp:term":[{"taxonomy":"product_brand","embeddable":true,"href":"https:\/\/helderplacidosantos.com\/pt\/wp-json\/wp\/v2\/product_brand?post=2947"},{"taxonomy":"product_cat","embeddable":true,"href":"https:\/\/helderplacidosantos.com\/pt\/wp-json\/wp\/v2\/product_cat?post=2947"},{"taxonomy":"product_tag","embeddable":true,"href":"https:\/\/helderplacidosantos.com\/pt\/wp-json\/wp\/v2\/product_tag?post=2947"}],"curies":[{"name":"wp","href":"https:\/\/api.w.org\/{rel}","templated":true}]}}