{"id":2948,"date":"2025-07-06T01:14:01","date_gmt":"2025-07-06T00:14:01","guid":{"rendered":"https:\/\/helderplacidosantos.com\/product\/flow-connection-embrace-change-strengthen-emotional-intimacy\/"},"modified":"2026-01-16T01:57:14","modified_gmt":"2026-01-16T00:57:14","slug":"conexao-fluida-aceitar-a-mudanca-fortalecer-a-intimidade-emocional","status":"publish","type":"product","link":"https:\/\/helderplacidosantos.com\/pt\/product\/flow-connection-embrace-change-strengthen-emotional-intimacy\/","title":{"rendered":"Fluidez e Conex\u00e3o \u2013 Abrace a Mudan\u00e7a e Fortale\u00e7a a Intimidade Emocional"},"content":{"rendered":"<p>Este programa \u00e9 para quem se sente preso em meio \u00e0 incerteza pessoal ou relacional \u2014 seja lidando com um t\u00e9rmino de relacionamento, aprofundando a intimidade ou redefinindo o rumo da vida. Por meio de uma abordagem som\u00e1tica baseada em mindfulness, voc\u00ea se reconectar\u00e1 consigo mesmo e com o fluxo natural da vida.<\/p>\n\n\t<section class=\"section dark\" id=\"section_1350334418\">\n\t\t<div class=\"section-bg fill\" >\n\t\t\t\t\t\t\t\t\t\n\t\t\t\n\n\t\t<\/div>\n\n\t\t\n\n\t\t<div class=\"section-content relative\">\n\t\t\t\n<div class=\"row align-middle align-center\"  id=\"row-256549198\">\n\n\t<div id=\"col-1723346630\" class=\"col small-12 large-12\"  >\n\t\t\t\t<div class=\"col-inner\"  >\n\t\t\t\n\t\t\t\n<h3><strong>O que voc\u00ea ganhar\u00e1:<\/strong><\/h3>\n<ol>\n<li><strong>Aprenda a se adaptar com facilidade.<\/strong> \u2013 Transi\u00e7\u00e3o de uma mentalidade r\u00edgida e baseada no medo para uma abordagem fluida e aberta, permitindo que voc\u00ea abrace a mudan\u00e7a em vez de resistir a ela.<\/li>\n<li><strong>Reduza o estresse e a fadiga emocional.<\/strong> \u2013 Est\u00e1 cientificamente comprovado que a imers\u00e3o em ambientes aqu\u00e1ticos naturais melhora a regula\u00e7\u00e3o emocional, alivia a sobrecarga do sistema nervoso e promove uma profunda sensa\u00e7\u00e3o de calma.<\/li>\n<li><strong>Obtenha clareza emocional e conex\u00e3o.<\/strong> O fluxo cont\u00ednuo da \u00e1gua serve como met\u00e1fora para a libera\u00e7\u00e3o de bloqueios emocionais, incentivando o progresso nos relacionamentos e o crescimento pessoal.<\/li>\n<\/ol>\n\t\t<\/div>\n\t\t\t\t\t<\/div>\n\n\t\n<\/div>\n\t\t<\/div>\n\n\t\t\n<style>\n#section_1350334418 {\n  padding-top: 30px;\n  padding-bottom: 30px;\n  background-color: #8d8d8d;\n}\n<\/style>\n\t<\/section>\n\t\n\t<div id=\"gap-468481400\" class=\"gap-element clearfix\" style=\"display:block; height:auto;\">\n\t\t\n<style>\n#gap-468481400 {\n  padding-top: 30px;\n}\n<\/style>\n\t<\/div>\n\t\n\n\t<section class=\"section\" id=\"section_1677713637\">\n\t\t<div class=\"section-bg fill\" >\n\t\t\t\t\t\t\t\t\t\n\t\t\t\n\n\t\t<\/div>\n\n\t\t\n\n\t\t<div class=\"section-content relative\">\n\t\t\t\n<div class=\"row\"  id=\"row-2097672148\">\n\n\t<div id=\"col-780961480\" class=\"col small-12 large-12\"  >\n\t\t\t\t<div class=\"col-inner\"  >\n\t\t\t\n\t\t\t\n<h3><strong>Como funciona:<\/strong><\/h3>\n<ul>\n<li><strong>Ancorando-se na realidade: compreendendo seu panorama emocional.<\/strong><br \/>\nCome\u00e7amos na base da cachoeira, definindo inten\u00e7\u00f5es e identificando sua posi\u00e7\u00e3o atual. Usando o modelo GROW, exploramos como a mudan\u00e7a afeta seu sistema nervoso, seus padr\u00f5es emocionais e suas necessidades relacionais.<\/li>\n<li><strong>Coaching pelo Fluxo: Desenvolvendo Flexibilidade Emocional<\/strong><br \/>\nAo caminharmos junto \u00e0 \u00e1gua, integramos t\u00e9cnicas de aten\u00e7\u00e3o plena, exerc\u00edcios respirat\u00f3rios e pr\u00e1ticas de conex\u00e3o corporal para regular a sobrecarga emocional. Aqui, praticamos estrat\u00e9gias de compromisso baseadas na aceita\u00e7\u00e3o, que desenvolvem adaptabilidade e facilidade nas din\u00e2micas relacionais.<\/li>\n<li><strong>Fortalecendo a Corrente: Aprofundando a Conex\u00e3o e a Autoconfian\u00e7a<\/strong><br \/>\nEm meio \u00e0 for\u00e7a das cataratas, exploramos a confian\u00e7a, a intimidade e a comunica\u00e7\u00e3o. Por meio de exerc\u00edcios de libera\u00e7\u00e3o som\u00e1tica e mapeamento da vulnerabilidade, redefinimos o significado de conex\u00e3o para voc\u00ea e como criar seguran\u00e7a nos relacionamentos.<\/li>\n<li><strong>O Ritual de Liberta\u00e7\u00e3o: Deixar Ir e Seguir em Frente com Inten\u00e7\u00e3o<\/strong><br \/>\nNa sess\u00e3o de encerramento, participamos de um ritual simb\u00f3lico de &quot;desapego&quot;, usando o movimento da \u00e1gua como met\u00e1fora para liberta\u00e7\u00e3o e compromisso com os pr\u00f3ximos passos. Aqui, consolidamos mudan\u00e7as pr\u00e1ticas e criamos uma estrat\u00e9gia de transi\u00e7\u00e3o personalizada para um crescimento emocional sustent\u00e1vel.<\/li>\n<\/ul>\n\t\t<\/div>\n\t\t\t\t\t<\/div>\n\n\t\n<\/div>\n\t\t<\/div>\n\n\t\t\n<style>\n#section_1677713637 {\n  padding-top: 30px;\n  padding-bottom: 30px;\n  background-color: #f0efeb;\n}\n<\/style>\n\t<\/section>\n\t\n<div class=\"row align-center\"  id=\"row-302297139\">\n\n\t<div id=\"col-1606253924\" class=\"col medium-9 small-12 large-9\"  >\n\t\t\t\t<div class=\"col-inner text-center\"  >\n\t\t\t\n\t\t\t\n<div class=\"container section-title-container\" ><h3 class=\"section-title section-title-center\"><b aria-hidden=\"true\"><\/b><span class=\"section-title-main\" >Quando aprendemos a fluir com a vida em vez de lutar contra ela, a transforma\u00e7\u00e3o acontece naturalmente. Vamos entrar nesse fluxo juntos.<\/span><b aria-hidden=\"true\"><\/b><\/h3><\/div>\n\t\t<\/div>\n\t\t\t\t\t<\/div>\n\n\t\n<\/div>","protected":false},"excerpt":{"rendered":"<p>A \u00e1gua \u00e9 movimento, ritmo e renova\u00e7\u00e3o. Os relacionamentos \u2014 sejam eles conosco mesmos, com nossos parceiros ou com a pr\u00f3pria vida \u2014 prosperam quando aprendemos a acompanhar a mudan\u00e7a em vez de resistir a ela. Esta experi\u00eancia de coaching, ambientada em paisagens com cachoeiras ou rios caudalosos, aproveita o poder da fluidez para ajud\u00e1-lo(a) a se libertar da resist\u00eancia, abra\u00e7ar a transi\u00e7\u00e3o e cultivar a resili\u00eancia em tempos de mudan\u00e7a.<\/p>\n<p><strong>Para indiv\u00edduos e casais que enfrentam transi\u00e7\u00f5es de relacionamento e crescimento emocional.<\/strong><\/p>","protected":false},"featured_media":3385,"comment_status":"closed","ping_status":"closed","template":"","meta":[],"product_brand":[],"product_cat":[30],"product_tag":[35],"class_list":{"0":"post-2948","1":"product","2":"type-product","3":"status-publish","4":"has-post-thumbnail","6":"product_cat-relational-outdoor-coaching-labs-growth-in-motion","7":"product_tag-program","9":"first","10":"instock","11":"virtual","12":"purchasable","13":"product-type-simple"},"_links":{"self":[{"href":"https:\/\/helderplacidosantos.com\/pt\/wp-json\/wp\/v2\/product\/2948","targetHints":{"allow":["GET"]}}],"collection":[{"href":"https:\/\/helderplacidosantos.com\/pt\/wp-json\/wp\/v2\/product"}],"about":[{"href":"https:\/\/helderplacidosantos.com\/pt\/wp-json\/wp\/v2\/types\/product"}],"replies":[{"embeddable":true,"href":"https:\/\/helderplacidosantos.com\/pt\/wp-json\/wp\/v2\/comments?post=2948"}],"wp:featuredmedia":[{"embeddable":true,"href":"https:\/\/helderplacidosantos.com\/pt\/wp-json\/wp\/v2\/media\/3385"}],"wp:attachment":[{"href":"https:\/\/helderplacidosantos.com\/pt\/wp-json\/wp\/v2\/media?parent=2948"}],"wp:term":[{"taxonomy":"product_brand","embeddable":true,"href":"https:\/\/helderplacidosantos.com\/pt\/wp-json\/wp\/v2\/product_brand?post=2948"},{"taxonomy":"product_cat","embeddable":true,"href":"https:\/\/helderplacidosantos.com\/pt\/wp-json\/wp\/v2\/product_cat?post=2948"},{"taxonomy":"product_tag","embeddable":true,"href":"https:\/\/helderplacidosantos.com\/pt\/wp-json\/wp\/v2\/product_tag?post=2948"}],"curies":[{"name":"wp","href":"https:\/\/api.w.org\/{rel}","templated":true}]}}