{"id":2951,"date":"2025-07-06T01:14:01","date_gmt":"2025-07-06T00:14:01","guid":{"rendered":"https:\/\/helderplacidosantos.com\/product\/effective-communication-coaching-from-misunderstandings-to-meaningful-conversations\/"},"modified":"2026-01-16T01:17:17","modified_gmt":"2026-01-16T00:17:17","slug":"treinamento-em-comunicacao-eficaz-da-resolucao-de-mal-entendidos-a-conversas-significativas","status":"publish","type":"product","link":"https:\/\/helderplacidosantos.com\/pt\/product\/effective-communication-coaching-from-misunderstandings-to-meaningful-conversations\/","title":{"rendered":"Effective Communication Coaching \u2013 From Misunderstandings to Meaningful Conversations &#8211; For Individuals"},"content":{"rendered":"<p>Relacionamentos saud\u00e1veis prosperam com base na comunica\u00e7\u00e3o, e este programa de coaching foi desenvolvido para ajud\u00e1-lo(a) a expressar suas necessidades com confian\u00e7a, ouvir com empatia e lidar com conflitos sem atitudes defensivas ou ressentimentos.<\/p>\n<p>Utilizando terapia focada em solu\u00e7\u00f5es, treinamento de assertividade e t\u00e9cnicas de escuta ativa, vamos quebrar h\u00e1bitos de comunica\u00e7\u00e3o negativos, substitu\u00ed-los por di\u00e1logos construtivos e criar um ambiente onde a conex\u00e3o flores\u00e7a.<\/p>\n\n\t<section class=\"section dark\" id=\"section_1360701241\">\n\t\t<div class=\"section-bg fill\" >\n\t\t\t\t\t\t\t\t\t\n\t\t\t\n\n\t\t<\/div>\n\n\t\t\n\n\t\t<div class=\"section-content relative\">\n\t\t\t\n<div class=\"row align-middle align-center\"  id=\"row-1862598181\">\n\n\t<div id=\"col-1287101837\" class=\"col small-12 large-12\"  >\n\t\t\t\t<div class=\"col-inner\"  >\n\t\t\t\n\t\t\t\n<h3><strong>O que voc\u00ea ganhar\u00e1:<\/strong><\/h3>\n<ol>\n<li><strong>Fale com clareza e confian\u00e7a. <\/strong>\u2013 Aprenda a expressar emo\u00e7\u00f5es, limites e necessidades de maneiras que promovam a compreens\u00e3o.<\/li>\n<li><strong>Domine a resolu\u00e7\u00e3o de conflitos<\/strong> Substitua a culpa e a frustra\u00e7\u00e3o por solu\u00e7\u00f5es que fortale\u00e7am o seu v\u00ednculo.<\/li>\n<li><strong>Ou\u00e7a para compreender, n\u00e3o apenas para responder. <\/strong>\u2013 Desenvolva habilidades de escuta ativa que transformem a maneira como voc\u00ea se conecta com os outros.<\/li>\n<\/ol>\n\t\t<\/div>\n\t\t\t\t\t<\/div>\n\n\t\n<\/div>\n\t\t<\/div>\n\n\t\t\n<style>\n#section_1360701241 {\n  padding-top: 30px;\n  padding-bottom: 30px;\n  background-color: #8d8d8d;\n}\n<\/style>\n\t<\/section>\n\t\n\t<div id=\"gap-211706723\" class=\"gap-element clearfix\" style=\"display:block; height:auto;\">\n\t\t\n<style>\n#gap-211706723 {\n  padding-top: 30px;\n}\n<\/style>\n\t<\/div>\n\t\n\n\t<section class=\"section\" id=\"section_1147575144\">\n\t\t<div class=\"section-bg fill\" >\n\t\t\t\t\t\t\t\t\t\n\t\t\t\n\n\t\t<\/div>\n\n\t\t\n\n\t\t<div class=\"section-content relative\">\n\t\t\t\n<div class=\"row\"  id=\"row-1002632989\">\n\n\t<div id=\"col-800020853\" class=\"col small-12 large-12\"  >\n\t\t\t\t<div class=\"col-inner\"  >\n\t\t\t\n\t\t\t\n<h3><strong>Como funciona:<\/strong><\/h3>\n<ul>\n<li><strong>Avalia\u00e7\u00e3o do Estilo de Comunica\u00e7\u00e3o<\/strong><br \/>\nDescubra padr\u00f5es e h\u00e1bitos inconscientes que moldam a forma como voc\u00ea e seu parceiro interagem.<\/li>\n<li><strong>Cen\u00e1rios de conflito do mundo real e dramatiza\u00e7\u00e3o<\/strong><br \/>\nPratique t\u00e9cnicas em tempo real para lidar com conversas dif\u00edceis com facilidade.<\/li>\n<li><strong>Coaching e ferramentas personalizadas<\/strong><br \/>\nReceba estrat\u00e9gias personalizadas com base nas suas necessidades de comunica\u00e7\u00e3o espec\u00edficas.<\/li>\n<\/ul>\n\t\t<\/div>\n\t\t\t\t\t<\/div>\n\n\t\n<\/div>\n\t\t<\/div>\n\n\t\t\n<style>\n#section_1147575144 {\n  padding-top: 30px;\n  padding-bottom: 30px;\n  background-color: #f0efeb;\n}\n<\/style>\n\t<\/section>\n\t\n<div class=\"row align-center\"  id=\"row-2031130431\">\n\n\t<div id=\"col-1667250075\" class=\"col medium-9 small-12 large-9\"  >\n\t\t\t\t<div class=\"col-inner text-center\"  >\n\t\t\t\n\t\t\t\n<div class=\"container section-title-container\" ><h3 class=\"section-title section-title-center\"><b aria-hidden=\"true\"><\/b><span class=\"section-title-main\" >Grandes relacionamentos come\u00e7am com grandes conversas. Vamos construir o seu juntos.<\/span><b aria-hidden=\"true\"><\/b><\/h3><\/div>\n\t\t<\/div>\n\t\t\t\t\t<\/div>\n\n\t\n<\/div>","protected":false},"excerpt":{"rendered":"<p>Voc\u00eas se pegam conversando, mas sem realmente se ouvirem? Os conflitos se intensificam rapidamente, deixando voc\u00eas com a sensa\u00e7\u00e3o de que n\u00e3o s\u00e3o ouvidos ou que n\u00e3o s\u00e3o compreendidos?<\/p>\n<p><strong>Para indiv\u00edduos e casais que buscam clareza, conex\u00e3o e resolu\u00e7\u00e3o de conflitos.<\/strong><\/p>","protected":false},"featured_media":3064,"comment_status":"closed","ping_status":"closed","template":"","meta":[],"product_brand":[],"product_cat":[29],"product_tag":[35],"class_list":{"0":"post-2951","1":"product","2":"type-product","3":"status-publish","4":"has-post-thumbnail","6":"product_cat-relationship-coaching-therapy","7":"product_tag-program","9":"first","10":"instock","11":"virtual","12":"purchasable","13":"product-type-simple"},"_links":{"self":[{"href":"https:\/\/helderplacidosantos.com\/pt\/wp-json\/wp\/v2\/product\/2951","targetHints":{"allow":["GET"]}}],"collection":[{"href":"https:\/\/helderplacidosantos.com\/pt\/wp-json\/wp\/v2\/product"}],"about":[{"href":"https:\/\/helderplacidosantos.com\/pt\/wp-json\/wp\/v2\/types\/product"}],"replies":[{"embeddable":true,"href":"https:\/\/helderplacidosantos.com\/pt\/wp-json\/wp\/v2\/comments?post=2951"}],"wp:featuredmedia":[{"embeddable":true,"href":"https:\/\/helderplacidosantos.com\/pt\/wp-json\/wp\/v2\/media\/3064"}],"wp:attachment":[{"href":"https:\/\/helderplacidosantos.com\/pt\/wp-json\/wp\/v2\/media?parent=2951"}],"wp:term":[{"taxonomy":"product_brand","embeddable":true,"href":"https:\/\/helderplacidosantos.com\/pt\/wp-json\/wp\/v2\/product_brand?post=2951"},{"taxonomy":"product_cat","embeddable":true,"href":"https:\/\/helderplacidosantos.com\/pt\/wp-json\/wp\/v2\/product_cat?post=2951"},{"taxonomy":"product_tag","embeddable":true,"href":"https:\/\/helderplacidosantos.com\/pt\/wp-json\/wp\/v2\/product_tag?post=2951"}],"curies":[{"name":"wp","href":"https:\/\/api.w.org\/{rel}","templated":true}]}}