{"id":2952,"date":"2025-07-06T01:14:01","date_gmt":"2025-07-06T00:14:01","guid":{"rendered":"https:\/\/helderplacidosantos.com\/product\/inclusive-relationships-exploration-navigating-identity-love-connection-with-confidence\/"},"modified":"2026-01-16T01:17:17","modified_gmt":"2026-01-16T00:17:17","slug":"inclusive-relationships-exploration-navigating-identity-love-connection-with-confidence","status":"publish","type":"product","link":"https:\/\/helderplacidosantos.com\/pt\/product\/inclusive-relationships-exploration-navigating-identity-love-connection-with-confidence\/","title":{"rendered":"Inclusive Relationships Exploration \u2013 Navigating Identity, Love &#038; Connection with Confidence &#8211; For Individuals"},"content":{"rendered":"<p>Esta jornada de coaching foi criada para ajud\u00e1-lo(a) a superar cren\u00e7as limitantes, obter clareza profunda e realinhar seus relacionamentos e prop\u00f3sito. A pr\u00f3pria ascens\u00e3o \u00e9 uma met\u00e1fora \u2014 cada passo reflete o trabalho interno necess\u00e1rio para remover obst\u00e1culos, romper padr\u00f5es e alcan\u00e7ar uma nova perspectiva de autoconhecimento e conex\u00e3o.<\/p>\n\n\t<section class=\"section dark\" id=\"section_4038651\">\n\t\t<div class=\"section-bg fill\" >\n\t\t\t\t\t\t\t\t\t\n\t\t\t\n\n\t\t<\/div>\n\n\t\t\n\n\t\t<div class=\"section-content relative\">\n\t\t\t\n<div class=\"row align-middle align-center\"  id=\"row-743331479\">\n\n\t<div id=\"col-6130457\" class=\"col small-12 large-12\"  >\n\t\t\t\t<div class=\"col-inner\"  >\n\t\t\t\n\t\t\t\n<h3><strong>O que voc\u00ea ganhar\u00e1:<\/strong><\/h3>\n<ol>\n<li><strong>Clarity &amp; self-acceptance<\/strong>\u00a0\u2013 Gain deeper understanding of your identity, desires, and relationship values.<\/li>\n<li><strong>Stronger communication &amp; boundaries<\/strong> \u2013 Build skills to express needs, set boundaries, and create agreements that work for you.<\/li>\n<li><strong>Confidence in navigating unique challenges<\/strong> \u2013 Address stigma, external pressures, or internalized concerns with evidence-based support.<\/li>\n<\/ol>\n\t\t<\/div>\n\t\t\t\t\t<\/div>\n\n\t\n<\/div>\n\t\t<\/div>\n\n\t\t\n<style>\n#section_4038651 {\n  padding-top: 30px;\n  padding-bottom: 30px;\n  background-color: #8d8d8d;\n}\n<\/style>\n\t<\/section>\n\t\n\t<div id=\"gap-142706282\" class=\"gap-element clearfix\" style=\"display:block; height:auto;\">\n\t\t\n<style>\n#gap-142706282 {\n  padding-top: 30px;\n}\n<\/style>\n\t<\/div>\n\t\n\n\t<section class=\"section\" id=\"section_741176111\">\n\t\t<div class=\"section-bg fill\" >\n\t\t\t\t\t\t\t\t\t\n\t\t\t\n\n\t\t<\/div>\n\n\t\t\n\n\t\t<div class=\"section-content relative\">\n\t\t\t\n<div class=\"row\"  id=\"row-1093589677\">\n\n\t<div id=\"col-973334769\" class=\"col small-12 large-12\"  >\n\t\t\t\t<div class=\"col-inner\"  >\n\t\t\t\n\t\t\t\n<h3><strong>Como funciona:<\/strong><\/h3>\n<ul>\n<li><strong>Exploration &amp; Identity Sessions<\/strong><br \/>\nUnpack challenges, define relationship values, and create a roadmap for fulfillment.<\/li>\n<li><strong>Practical Tools for Diverse Relationships<\/strong><br \/>\nDevelop communication frameworks, boundary-setting strategies, and emotional regulation techniques.<\/li>\n<li><strong>Guided Coaching for Relationship Growth<\/strong><br \/>\nWhether you\u2019re transitioning to ethical non-monogamy, redefining intimacy, or strengthening queer partnerships, I\u2019ll support your journey toward secure, fulfilling relationships.<\/li>\n<\/ul>\n\t\t<\/div>\n\t\t\t\t\t<\/div>\n\n\t\n<\/div>\n\t\t<\/div>\n\n\t\t\n<style>\n#section_741176111 {\n  padding-top: 30px;\n  padding-bottom: 30px;\n  background-color: #f0efeb;\n}\n<\/style>\n\t<\/section>\n\t\n<div class=\"row align-center\"  id=\"row-707292372\">\n\n\t<div id=\"col-123764184\" class=\"col medium-9 small-12 large-9\"  >\n\t\t\t\t<div class=\"col-inner text-center\"  >\n\t\t\t\n\t\t\t\n<div class=\"container section-title-container\" ><h3 class=\"section-title section-title-center\"><b aria-hidden=\"true\"><\/b><span class=\"section-title-main\" >Love, identity, and connection should feel like home. Let\u2019s build yours, together<\/span><b aria-hidden=\"true\"><\/b><\/h3><\/div>\n\t\t<\/div>\n\t\t\t\t\t<\/div>\n\n\t\n<\/div>","protected":false},"excerpt":{"rendered":"<p>Your relationships deserve to be seen, understood, and\u00a0celebrated. Whether you\u2019re exploring\u00a0consensual non-monogamy, LGBTQIA+ partnerships, or navigating gender and sexual identity in relationships, these sessions provide a\u00a0safe, affirming space\u00a0to\u00a0understand your needs, strengthen your connections, and navigate challenges with confidence.<\/p>\n<p><strong>For Individuals &amp; Couples in LGBTQIA+, Non-Monogamous &amp; Diverse Relationship Structures<\/strong><\/p>","protected":false},"featured_media":3061,"comment_status":"closed","ping_status":"closed","template":"","meta":[],"product_brand":[],"product_cat":[29],"product_tag":[35],"class_list":{"0":"post-2952","1":"product","2":"type-product","3":"status-publish","4":"has-post-thumbnail","6":"product_cat-relationship-coaching-therapy","7":"product_tag-program","9":"first","10":"instock","11":"virtual","12":"purchasable","13":"product-type-simple"},"_links":{"self":[{"href":"https:\/\/helderplacidosantos.com\/pt\/wp-json\/wp\/v2\/product\/2952","targetHints":{"allow":["GET"]}}],"collection":[{"href":"https:\/\/helderplacidosantos.com\/pt\/wp-json\/wp\/v2\/product"}],"about":[{"href":"https:\/\/helderplacidosantos.com\/pt\/wp-json\/wp\/v2\/types\/product"}],"replies":[{"embeddable":true,"href":"https:\/\/helderplacidosantos.com\/pt\/wp-json\/wp\/v2\/comments?post=2952"}],"wp:featuredmedia":[{"embeddable":true,"href":"https:\/\/helderplacidosantos.com\/pt\/wp-json\/wp\/v2\/media\/3061"}],"wp:attachment":[{"href":"https:\/\/helderplacidosantos.com\/pt\/wp-json\/wp\/v2\/media?parent=2952"}],"wp:term":[{"taxonomy":"product_brand","embeddable":true,"href":"https:\/\/helderplacidosantos.com\/pt\/wp-json\/wp\/v2\/product_brand?post=2952"},{"taxonomy":"product_cat","embeddable":true,"href":"https:\/\/helderplacidosantos.com\/pt\/wp-json\/wp\/v2\/product_cat?post=2952"},{"taxonomy":"product_tag","embeddable":true,"href":"https:\/\/helderplacidosantos.com\/pt\/wp-json\/wp\/v2\/product_tag?post=2952"}],"curies":[{"name":"wp","href":"https:\/\/api.w.org\/{rel}","templated":true}]}}